{"id":10786,"date":"2021-08-30T11:47:49","date_gmt":"2021-08-30T11:47:49","guid":{"rendered":"https:\/\/elementor.zozothemes.com\/druk\/contact-copy\/"},"modified":"2026-01-16T10:55:45","modified_gmt":"2026-01-16T10:55:45","slug":"hakkimizda","status":"publish","type":"page","link":"https:\/\/www.armasan.com\/en\/hakkimizda\/","title":{"rendered":"About Us"},"content":{"rendered":"<div data-elementor-type=\"wp-page\" data-elementor-id=\"10786\" class=\"elementor elementor-10786\">\n\t\t\t\t\t\t<section class=\"elementor-section elementor-top-section elementor-element elementor-element-d9c3ca7 elementor-section-content-middle elementor-section-stretched elementor-section-boxed elementor-section-height-default elementor-section-height-default\" data-id=\"d9c3ca7\" data-element_type=\"section\" data-settings=\"{&quot;stretch_section&quot;:&quot;section-stretched&quot;}\">\n\t\t\t\t\t\t<div class=\"elementor-container elementor-column-gap-extended\">\n\t\t\t\t\t<div class=\"elementor-column elementor-col-50 elementor-top-column elementor-element elementor-element-be921cd elementor-invisible\" data-id=\"be921cd\" data-element_type=\"column\" data-settings=\"{&quot;animation&quot;:&quot;fadeInLeft&quot;}\">\n\t\t\t<div class=\"elementor-widget-wrap elementor-element-populated\">\n\t\t\t\t\t\t<div class=\"elementor-element elementor-element-ed57380 elementor-widget elementor-widget-image\" data-id=\"ed57380\" data-element_type=\"widget\" data-widget_type=\"image.default\">\n\t\t\t\t<div class=\"elementor-widget-container\">\n\t\t\t<style>\/*! elementor - v3.23.0 - 25-07-2024 *\/\n.elementor-widget-image{text-align:center}.elementor-widget-image a{display:inline-block}.elementor-widget-image a img[src$=\".svg\"]{width:48px}.elementor-widget-image img{vertical-align:middle;display:inline-block}<\/style>\t\t\t\t\t\t\t\t\t\t<img fetchpriority=\"high\" decoding=\"async\" width=\"800\" height=\"940\" src=\"https:\/\/www.armasan.com\/wp-content\/uploads\/2024\/08\/armasan-hakkimizda.jpg\" class=\"attachment-full size-full wp-image-22849\" alt=\"\" srcset=\"https:\/\/www.armasan.com\/wp-content\/uploads\/2024\/08\/armasan-hakkimizda.jpg 800w, https:\/\/www.armasan.com\/wp-content\/uploads\/2024\/08\/armasan-hakkimizda-768x902.jpg 768w\" sizes=\"(max-width: 800px) 100vw, 800px\" \/>\t\t\t\t\t\t\t\t\t\t\t\t\t<\/div>\n\t\t\t\t<\/div>\n\t\t\t\t\t<\/div>\n\t\t<\/div>\n\t\t\t\t<div class=\"elementor-column elementor-col-50 elementor-top-column elementor-element elementor-element-f484346 elementor-invisible\" data-id=\"f484346\" data-element_type=\"column\" data-settings=\"{&quot;animation&quot;:&quot;fadeInRight&quot;}\">\n\t\t\t<div class=\"elementor-widget-wrap elementor-element-populated\">\n\t\t\t\t\t\t<div class=\"elementor-element elementor-element-d7b000f cea-align-left elementor-widget elementor-widget-ceasectiontitle\" data-id=\"d7b000f\" data-element_type=\"widget\" data-widget_type=\"ceasectiontitle.default\">\n\t\t\t\t<div class=\"elementor-widget-container\">\n\t\t\t<div class=\"section-title-wrapper\"><div class=\"title-wrap\"><h6 class=\"sub-title\">Armasan Packaging<\/h6><h2 class=\"section-title\">About Us<\/h2><\/div><!-- .title-wrap --><div class=\"section-description\"><p class=\"section-content\">Founded in 1989, Armasan Ambalaj operates in a 16,000\u202fm\u00b2 enclosed production facility located in the \u00c7erkezk\u00f6y Industrial Zone. Since its establishment, our company has continuously contributed to the national economy, employment, and the packaging sector with its ambitious goals and proven achievements.\nExporting to over 40 countries, Armasan is the primary solution partner for its business partners in the plastic packaging industry, both domestically and internationally. We continue to serve a wide range of sectors including packaging, food, cosmetics, automotive, housewares, medical, stationery, and many more.\nWith more than 150 employees, our company is committed to high-quality and timely production. With its existing machinery, Armasan has a monthly production capacity of over 1,600 tons through its PET sheet and roll production lines, metallized coating, thermoforming, folded box manufacturing, UV offset and silk screen printing departments.<\/p><\/div><!-- .section-description --><\/div><!-- .section-title-wrapper -->\t\t<\/div>\n\t\t\t\t<\/div>\n\t\t\t\t\t<\/div>\n\t\t<\/div>\n\t\t\t\t\t<\/div>\n\t\t<\/section>\n\t\t<div class=\"elementor-element elementor-element-65b6d05 e-flex e-con-boxed e-con e-parent\" data-id=\"65b6d05\" data-element_type=\"container\">\n\t\t\t\t\t<div class=\"e-con-inner\">\n\t\t<div class=\"elementor-element elementor-element-dd57d5b e-con-full e-flex e-con e-child\" data-id=\"dd57d5b\" data-element_type=\"container\">\n\t\t\t\t<div class=\"elementor-element elementor-element-0fc5ceb elementor-widget__width-initial cea-align-center elementor-widget elementor-widget-ceasectiontitle\" data-id=\"0fc5ceb\" data-element_type=\"widget\" data-widget_type=\"ceasectiontitle.default\">\n\t\t\t\t<div class=\"elementor-widget-container\">\n\t\t\t<div class=\"section-title-wrapper\"><div class=\"title-wrap\"><h6 class=\"sub-title\">Quality Production Approach<\/h6><h2 class=\"section-title\">Modern Facilities &amp; Superior Technologies<\/h2><\/div><!-- .title-wrap --><div class=\"section-description\"><\/div><!-- .section-description --><\/div><!-- .section-title-wrapper -->\t\t<\/div>\n\t\t\t\t<\/div>\n\t\t\t\t<\/div>\n\t\t\t\t\t<\/div>\n\t\t\t\t<\/div>\n\t\t\t\t<section class=\"elementor-section elementor-top-section elementor-element elementor-element-7b634cf elementor-section-content-middle elementor-section-stretched elementor-section-boxed elementor-section-height-default elementor-section-height-default\" data-id=\"7b634cf\" data-element_type=\"section\" data-settings=\"{&quot;stretch_section&quot;:&quot;section-stretched&quot;,&quot;background_background&quot;:&quot;classic&quot;}\">\n\t\t\t\t\t\t<div class=\"elementor-container elementor-column-gap-default\">\n\t\t\t\t\t<div class=\"elementor-column elementor-col-100 elementor-top-column elementor-element elementor-element-a7756e7 elementor-invisible\" data-id=\"a7756e7\" data-element_type=\"column\" data-settings=\"{&quot;animation&quot;:&quot;fadeInRight&quot;}\">\n\t\t\t<div class=\"elementor-widget-wrap elementor-element-populated\">\n\t\t\t\t\t\t<section class=\"elementor-section elementor-inner-section elementor-element elementor-element-b818cac elementor-section-boxed elementor-section-height-default elementor-section-height-default\" data-id=\"b818cac\" data-element_type=\"section\">\n\t\t\t\t\t\t<div class=\"elementor-container elementor-column-gap-extended\">\n\t\t\t\t\t<div class=\"elementor-column elementor-col-100 elementor-inner-column elementor-element elementor-element-5618ea7\" data-id=\"5618ea7\" data-element_type=\"column\">\n\t\t\t<div class=\"elementor-widget-wrap elementor-element-populated\">\n\t\t\t\t\t\t<div class=\"elementor-element elementor-element-0b7cd75 elementor-widget elementor-widget-image-gallery\" data-id=\"0b7cd75\" data-element_type=\"widget\" data-widget_type=\"image-gallery.default\">\n\t\t\t\t<div class=\"elementor-widget-container\">\n\t\t\t<style>\/*! elementor - v3.23.0 - 25-07-2024 *\/\n.elementor-image-gallery .gallery-item{display:inline-block;text-align:center;vertical-align:top;width:100%;max-width:100%;margin:0 auto}.elementor-image-gallery .gallery-item img{margin:0 auto}.elementor-image-gallery .gallery-item .gallery-caption{margin:0}.elementor-image-gallery figure img{display:block}.elementor-image-gallery figure figcaption{width:100%}.gallery-spacing-custom .elementor-image-gallery .gallery-icon{padding:0}@media (min-width:768px){.elementor-image-gallery .gallery-columns-2 .gallery-item{max-width:50%}.elementor-image-gallery .gallery-columns-3 .gallery-item{max-width:33.33%}.elementor-image-gallery .gallery-columns-4 .gallery-item{max-width:25%}.elementor-image-gallery .gallery-columns-5 .gallery-item{max-width:20%}.elementor-image-gallery .gallery-columns-6 .gallery-item{max-width:16.666%}.elementor-image-gallery .gallery-columns-7 .gallery-item{max-width:14.28%}.elementor-image-gallery .gallery-columns-8 .gallery-item{max-width:12.5%}.elementor-image-gallery .gallery-columns-9 .gallery-item{max-width:11.11%}.elementor-image-gallery .gallery-columns-10 .gallery-item{max-width:10%}}@media (min-width:480px) and (max-width:767px){.elementor-image-gallery .gallery.gallery-columns-2 .gallery-item,.elementor-image-gallery .gallery.gallery-columns-3 .gallery-item,.elementor-image-gallery .gallery.gallery-columns-4 .gallery-item,.elementor-image-gallery .gallery.gallery-columns-5 .gallery-item,.elementor-image-gallery .gallery.gallery-columns-6 .gallery-item,.elementor-image-gallery .gallery.gallery-columns-7 .gallery-item,.elementor-image-gallery .gallery.gallery-columns-8 .gallery-item,.elementor-image-gallery .gallery.gallery-columns-9 .gallery-item,.elementor-image-gallery .gallery.gallery-columns-10 .gallery-item{max-width:50%}}@media (max-width:479px){.elementor-image-gallery .gallery.gallery-columns-2 .gallery-item,.elementor-image-gallery .gallery.gallery-columns-3 .gallery-item,.elementor-image-gallery .gallery.gallery-columns-4 .gallery-item,.elementor-image-gallery .gallery.gallery-columns-5 .gallery-item,.elementor-image-gallery .gallery.gallery-columns-6 .gallery-item,.elementor-image-gallery .gallery.gallery-columns-7 .gallery-item,.elementor-image-gallery .gallery.gallery-columns-8 .gallery-item,.elementor-image-gallery .gallery.gallery-columns-9 .gallery-item,.elementor-image-gallery .gallery.gallery-columns-10 .gallery-item{max-width:100%}}<\/style>\t\t<div class=\"elementor-image-gallery\">\n\t\t\t<div id='gallery-1' class='gallery galleryid-10786 gallery-columns-2 gallery-size-large'><figure class='gallery-item'>\n\t\t\t<div class='gallery-icon portrait'>\n\t\t\t\t<a data-elementor-open-lightbox=\"yes\" data-elementor-lightbox-slideshow=\"0b7cd75\" data-elementor-lightbox-title=\"IMG_3810\" data-e-action-hash=\"#elementor-action%3Aaction%3Dlightbox%26settings%3DeyJpZCI6MjMzNTEsInVybCI6Imh0dHBzOlwvXC93d3cuYXJtYXNhbi5jb21cL3dwLWNvbnRlbnRcL3VwbG9hZHNcLzIwMjVcLzEwXC9JTUdfMzgxMC1zY2FsZWQuanBnIiwic2xpZGVzaG93IjoiMGI3Y2Q3NSJ9\" href='https:\/\/www.armasan.com\/wp-content\/uploads\/2025\/10\/IMG_3810-scaled.jpg'><img decoding=\"async\" width=\"1170\" height=\"694\" src=\"https:\/\/www.armasan.com\/wp-content\/uploads\/2025\/10\/IMG_3810-1170x694.jpg\" class=\"attachment-large size-large\" alt=\"\" srcset=\"https:\/\/www.armasan.com\/wp-content\/uploads\/2025\/10\/IMG_3810-1170x694.jpg 1170w, https:\/\/www.armasan.com\/wp-content\/uploads\/2025\/10\/IMG_3810-768x456.jpg 768w\" sizes=\"(max-width: 1170px) 100vw, 1170px\" \/><\/a>\n\t\t\t<\/div><\/figure><figure class='gallery-item'>\n\t\t\t<div class='gallery-icon landscape'>\n\t\t\t\t<a data-elementor-open-lightbox=\"yes\" data-elementor-lightbox-slideshow=\"0b7cd75\" data-elementor-lightbox-title=\"IMG_3815\" data-e-action-hash=\"#elementor-action%3Aaction%3Dlightbox%26settings%3DeyJpZCI6MjMzNTIsInVybCI6Imh0dHBzOlwvXC93d3cuYXJtYXNhbi5jb21cL3dwLWNvbnRlbnRcL3VwbG9hZHNcLzIwMjVcLzEwXC9JTUdfMzgxNS1zY2FsZWQuanBnIiwic2xpZGVzaG93IjoiMGI3Y2Q3NSJ9\" href='https:\/\/www.armasan.com\/wp-content\/uploads\/2025\/10\/IMG_3815-scaled.jpg'><img decoding=\"async\" width=\"1170\" height=\"694\" src=\"https:\/\/www.armasan.com\/wp-content\/uploads\/2025\/10\/IMG_3815-1170x694.jpg\" class=\"attachment-large size-large\" alt=\"\" srcset=\"https:\/\/www.armasan.com\/wp-content\/uploads\/2025\/10\/IMG_3815-1170x694.jpg 1170w, https:\/\/www.armasan.com\/wp-content\/uploads\/2025\/10\/IMG_3815-768x456.jpg 768w\" sizes=\"(max-width: 1170px) 100vw, 1170px\" \/><\/a>\n\t\t\t<\/div><\/figure>\n\t\t<\/div>\n\t\t<\/div>\n\t\t\t\t<\/div>\n\t\t\t\t<\/div>\n\t\t\t\t\t<\/div>\n\t\t<\/div>\n\t\t\t\t\t<\/div>\n\t\t<\/section>\n\t\t\t\t\t<\/div>\n\t\t<\/div>\n\t\t\t\t\t<\/div>\n\t\t<\/section>\n\t\t\t\t<\/div>","protected":false},"excerpt":{"rendered":"<p>Armasan Ambalaj Hakk\u0131m\u0131zda 1989 y\u0131l\u0131nda kurulan Armasan Ambalaj, \u00c7erkezk\u00f6y Organize Sanayi B\u00f6lgesi i\u00e7erisinde 16.000 m2 kapal\u0131 alanda \u00fcretim yapmaktad\u0131r. Kuruldu\u011fu g\u00fcnden beri firmam\u0131z hedefleriyle ve ger\u00e7ekle\u015ftirdikleriyle \u00fclke ekonomisine, istihdam\u0131na ve sekt\u00f6r\u00fcne artarak katk\u0131 vermeye devam etmektedir. 40 \u00fczeri \u00fclkeye ihracat yaparak hem yurti\u00e7i hem yurtd\u0131\u015f\u0131 pazarda plastik ambalaj konusunda i\u015f ortaklar\u0131n\u0131n birinci \u00e7\u00f6z\u00fcm orta\u011f\u0131 olan<\/p>","protected":false},"author":1,"featured_media":0,"parent":0,"menu_order":0,"comment_status":"closed","ping_status":"closed","template":"","meta":{"footnotes":""},"class_list":["post-10786","page","type-page","status-publish","hentry"],"_links":{"self":[{"href":"https:\/\/www.armasan.com\/en\/wp-json\/wp\/v2\/pages\/10786","targetHints":{"allow":["GET"]}}],"collection":[{"href":"https:\/\/www.armasan.com\/en\/wp-json\/wp\/v2\/pages"}],"about":[{"href":"https:\/\/www.armasan.com\/en\/wp-json\/wp\/v2\/types\/page"}],"author":[{"embeddable":true,"href":"https:\/\/www.armasan.com\/en\/wp-json\/wp\/v2\/users\/1"}],"replies":[{"embeddable":true,"href":"https:\/\/www.armasan.com\/en\/wp-json\/wp\/v2\/comments?post=10786"}],"version-history":[{"count":58,"href":"https:\/\/www.armasan.com\/en\/wp-json\/wp\/v2\/pages\/10786\/revisions"}],"predecessor-version":[{"id":23735,"href":"https:\/\/www.armasan.com\/en\/wp-json\/wp\/v2\/pages\/10786\/revisions\/23735"}],"wp:attachment":[{"href":"https:\/\/www.armasan.com\/en\/wp-json\/wp\/v2\/media?parent=10786"}],"curies":[{"name":"wp","href":"https:\/\/api.w.org\/{rel}","templated":true}]}}