{"id":10828,"date":"2021-08-31T05:36:58","date_gmt":"2021-08-31T05:36:58","guid":{"rendered":"https:\/\/elementor.zozothemes.com\/druk\/contact-copy\/"},"modified":"2026-01-16T10:12:31","modified_gmt":"2026-01-16T10:12:31","slug":"gizlilik-sozlesmesi","status":"publish","type":"page","link":"https:\/\/www.armasan.com\/en\/gizlilik-sozlesmesi\/","title":{"rendered":"Confidentiality Agreement"},"content":{"rendered":"<div data-elementor-type=\"wp-page\" data-elementor-id=\"10828\" class=\"elementor elementor-10828\">\n\t\t\t\t\t\t<section class=\"elementor-section elementor-top-section elementor-element elementor-element-90bf49a elementor-section-boxed elementor-section-height-default elementor-section-height-default\" data-id=\"90bf49a\" data-element_type=\"section\">\n\t\t\t\t\t\t<div class=\"elementor-container elementor-column-gap-default\">\n\t\t\t\t\t<div class=\"elementor-column elementor-col-100 elementor-top-column elementor-element elementor-element-5242e6d\" data-id=\"5242e6d\" data-element_type=\"column\">\n\t\t\t<div class=\"elementor-widget-wrap elementor-element-populated\">\n\t\t\t\t\t\t<section class=\"elementor-section elementor-inner-section elementor-element elementor-element-c7746c0 elementor-section-boxed elementor-section-height-default elementor-section-height-default\" data-id=\"c7746c0\" data-element_type=\"section\">\n\t\t\t\t\t\t<div class=\"elementor-container elementor-column-gap-default\">\n\t\t\t\t\t<div class=\"elementor-column elementor-col-33 elementor-inner-column elementor-element elementor-element-0414e92\" data-id=\"0414e92\" data-element_type=\"column\">\n\t\t\t<div class=\"elementor-widget-wrap\">\n\t\t\t\t\t\t\t<\/div>\n\t\t<\/div>\n\t\t\t\t<div class=\"elementor-column elementor-col-33 elementor-inner-column elementor-element elementor-element-bc9c14f elementor-invisible\" data-id=\"bc9c14f\" data-element_type=\"column\" data-settings=\"{&quot;animation&quot;:&quot;fadeInUp&quot;}\">\n\t\t\t<div class=\"elementor-widget-wrap elementor-element-populated\">\n\t\t\t\t\t\t<div class=\"elementor-element elementor-element-6bf597a cea-align-center elementor-widget elementor-widget-ceasectiontitle\" data-id=\"6bf597a\" data-element_type=\"widget\" data-widget_type=\"ceasectiontitle.default\">\n\t\t\t\t<div class=\"elementor-widget-container\">\n\t\t\t<div class=\"section-title-wrapper\"><div class=\"title-wrap\"><h6 class=\"sub-title\">Armasan Packaging<\/h6><h2 class=\"section-title\">Confidentiality Agreement<\/h2><\/div><!-- .title-wrap --><div class=\"section-description\"><\/div><!-- .section-description --><\/div><!-- .section-title-wrapper -->\t\t<\/div>\n\t\t\t\t<\/div>\n\t\t\t\t\t<\/div>\n\t\t<\/div>\n\t\t\t\t<div class=\"elementor-column elementor-col-33 elementor-inner-column elementor-element elementor-element-0c25a1b\" data-id=\"0c25a1b\" data-element_type=\"column\">\n\t\t\t<div class=\"elementor-widget-wrap\">\n\t\t\t\t\t\t\t<\/div>\n\t\t<\/div>\n\t\t\t\t\t<\/div>\n\t\t<\/section>\n\t\t\t\t\t<\/div>\n\t\t<\/div>\n\t\t\t\t\t<\/div>\n\t\t<\/section>\n\t\t<div class=\"elementor-element elementor-element-cb56a7a e-flex e-con-boxed e-con e-parent\" data-id=\"cb56a7a\" data-element_type=\"container\">\n\t\t\t\t\t<div class=\"e-con-inner\">\n\t\t\t\t<div class=\"elementor-element elementor-element-c464a1a elementor-widget elementor-widget-text-editor\" data-id=\"c464a1a\" data-element_type=\"widget\" data-widget_type=\"text-editor.default\">\n\t\t\t\t<div class=\"elementor-widget-container\">\n\t\t\t<style>\/*! elementor - v3.23.0 - 25-07-2024 *\/\n.elementor-widget-text-editor.elementor-drop-cap-view-stacked .elementor-drop-cap{background-color:#69727d;color:#fff}.elementor-widget-text-editor.elementor-drop-cap-view-framed .elementor-drop-cap{color:#69727d;border:3px solid;background-color:transparent}.elementor-widget-text-editor:not(.elementor-drop-cap-view-default) .elementor-drop-cap{margin-top:8px}.elementor-widget-text-editor:not(.elementor-drop-cap-view-default) .elementor-drop-cap-letter{width:1em;height:1em}.elementor-widget-text-editor .elementor-drop-cap{float:left;text-align:center;line-height:1;font-size:50px}.elementor-widget-text-editor .elementor-drop-cap-letter{display:inline-block}<\/style>\t\t\t\t<p>1. A\u00c7IKLAMA<\/p><p>armasan.com sitesi olarak ki\u015fisel verilen korunmas\u0131 kanunu ve ki\u015fisel gizlilik haklar\u0131n\u0131za sayg\u0131 duyuyor ve sitemizde ge\u00e7irdi\u011finiz s\u00fcre zarf\u0131nda bunu sa\u011flamak i\u00e7in \u00e7aba sarfediyoruz. Ki\u015fisel bilgilerinizin g\u00fcvenli\u011fi ile ilgili a\u00e7\u0131klamalar a\u015fa\u011f\u0131da a\u00e7\u0131klanm\u0131\u015f ve bilginize sunulmu\u015ftur.<\/p><p>2. KAYIT DOSYALARI<\/p><p>Bir \u00e7ok standart web sunucusunda oldu\u011fu gibi armasan.com\u2019da istatistiksel ama\u00e7l\u0131 log dosyalar\u0131 kayd\u0131 tutmaktad\u0131r. Bu dosyalar; IP adresiniz, \u0130nternet servis sa\u011flay\u0131c\u0131n\u0131z, taray\u0131c\u0131n\u0131z\u0131n \u00f6zellikleri, i\u015fletim sistemini ve siteye giri\u015f-\u00e7\u0131k\u0131\u015f sayfalar\u0131n\u0131z gibi standart bilgiler i\u00e7ermektedir. Log dosyalar\u0131 kesinlikle istatiksel ama\u00e7lar d\u0131\u015f\u0131nda kullan\u0131lmamakta ve \u00fc\u00e7\u00fcnc\u00fc parti yaz\u0131l\u0131mlar veya ki\u015filer\/firmalar ile payla\u015f\u0131lmamaktad\u0131r. Mahretimiyetiniz ve ki\u015fisel verileriniz i\u00e7in hassas davran\u0131yor ve ihmal edilmemektedir. IP adresiniz ve di\u011fer bilgiler, \u015fahsi bilgileriniz ile ili\u015fkilendirilmemektedir.<\/p><p>3. REKLAMLAR<\/p><p>Web sitemize d\u0131\u015far\u0131dan \u015firketlerin reklamlar\u0131n\u0131 yay\u0131nlayabiliriz. Bu reklamlar \u00e7erez (cookies) i\u00e7erebilir ve bu \u015firketler taraf\u0131ndan \u00e7erez bilgileri toplanabilir, bizim bu bilgiye ula\u015fmam\u0131z m\u00fcmk\u00fcn de\u011fildir.\u00a0<\/p><p>4. \u00c7EREZLER (COOKIES)<\/p><p>Cookie-\u00c7erez kelimesi web sayfas\u0131 sunucusunun sizin bilgisayar\u0131n\u0131z\u0131n verileri aras\u0131na yerle\u015ftirdi\u011fi ufak bir metin dosyas\u0131n\u0131 tan\u0131mlamak i\u00e7in kullan\u0131lmaktad\u0131r. Sitemizin baz\u0131 b\u00f6l\u00fcmlerinde kullan\u0131c\u0131 kolayl\u0131\u011f\u0131, eri\u015fim h\u0131z\u0131 vb. sa\u011flamak i\u00e7in \u00e7erez kullan\u0131l\u0131yor ve dosyalar bilgisayar\u0131n\u0131zda saklan\u0131yor olabilir. Ayr\u0131ca sitede mevcut olan reklamlar arac\u0131l\u0131\u011f\u0131 ile reklam verenlerin reklam verilerinin toplanmas\u0131 i\u00e7in cookie-\u00e7erez kullan\u0131l\u0131yor olabilir. Bu tamamen sizin izninizle ger\u00e7ekle\u015fiyor olup, iste\u011finiz dahilinde internet taray\u0131c\u0131n\u0131z\u0131n ayarlar\u0131n\u0131 de\u011fi\u015ftirerek saklanmamas\u0131n\u0131 veya saklananlar\u0131n temizli\u011fini yapman\u0131z m\u00fcmk\u00fcnd\u00fcr.<\/p><p>5. DI\u015e BA\u011eLANTILAR<\/p><p>armasan.com sitesi, sayfalar\u0131ndan farkl\u0131 internet adreslerine ba\u011flant\u0131lar verebilir. Ba\u011flant\u0131 verilen banner tan\u0131t\u0131m\u0131 veya y\u00f6nlendirme yap\u0131lan sitelerin i\u00e7eriklerinden veya gizlilik prensiplerinden sorumlu de\u011fildir. Burada bahsedilen ba\u011flant\u0131 verme i\u015flemi, hukuki olarak \u201cat\u0131fta bulunma\u201d olarak de\u011ferlendirilmektedir.<\/p>\t\t\t\t\t\t<\/div>\n\t\t\t\t<\/div>\n\t\t\t\t\t<\/div>\n\t\t\t\t<\/div>\n\t\t\t\t<\/div>","protected":false},"excerpt":{"rendered":"<p>Armasan Ambalaj Gizlilik S\u00f6zle\u015fmesi 1. A\u00c7IKLAMA armasan.com sitesi olarak ki\u015fisel verilen korunmas\u0131 kanunu ve ki\u015fisel gizlilik haklar\u0131n\u0131za sayg\u0131 duyuyor ve sitemizde ge\u00e7irdi\u011finiz s\u00fcre zarf\u0131nda bunu sa\u011flamak i\u00e7in \u00e7aba sarfediyoruz. Ki\u015fisel bilgilerinizin g\u00fcvenli\u011fi ile ilgili a\u00e7\u0131klamalar a\u015fa\u011f\u0131da a\u00e7\u0131klanm\u0131\u015f ve bilginize sunulmu\u015ftur. 2. KAYIT DOSYALARI Bir \u00e7ok standart web sunucusunda oldu\u011fu gibi armasan.com\u2019da istatistiksel ama\u00e7l\u0131 log dosyalar\u0131<\/p>","protected":false},"author":1,"featured_media":0,"parent":0,"menu_order":0,"comment_status":"closed","ping_status":"closed","template":"","meta":{"footnotes":""},"class_list":["post-10828","page","type-page","status-publish","hentry"],"_links":{"self":[{"href":"https:\/\/www.armasan.com\/en\/wp-json\/wp\/v2\/pages\/10828","targetHints":{"allow":["GET"]}}],"collection":[{"href":"https:\/\/www.armasan.com\/en\/wp-json\/wp\/v2\/pages"}],"about":[{"href":"https:\/\/www.armasan.com\/en\/wp-json\/wp\/v2\/types\/page"}],"author":[{"embeddable":true,"href":"https:\/\/www.armasan.com\/en\/wp-json\/wp\/v2\/users\/1"}],"replies":[{"embeddable":true,"href":"https:\/\/www.armasan.com\/en\/wp-json\/wp\/v2\/comments?post=10828"}],"version-history":[{"count":16,"href":"https:\/\/www.armasan.com\/en\/wp-json\/wp\/v2\/pages\/10828\/revisions"}],"predecessor-version":[{"id":23716,"href":"https:\/\/www.armasan.com\/en\/wp-json\/wp\/v2\/pages\/10828\/revisions\/23716"}],"wp:attachment":[{"href":"https:\/\/www.armasan.com\/en\/wp-json\/wp\/v2\/media?parent=10828"}],"curies":[{"name":"wp","href":"https:\/\/api.w.org\/{rel}","templated":true}]}}