{"id":20606,"date":"2022-10-27T09:35:22","date_gmt":"2022-10-27T09:35:22","guid":{"rendered":"https:\/\/elementor.zozothemes.com\/druk\/home-copy\/"},"modified":"2026-01-20T12:53:30","modified_gmt":"2026-01-20T12:53:30","slug":"home-2","status":"publish","type":"page","link":"https:\/\/www.armasan.com\/en\/","title":{"rendered":"Home"},"content":{"rendered":"<div data-elementor-type=\"wp-page\" data-elementor-id=\"20606\" class=\"elementor elementor-20606\">\n\t\t\t\t\t\t<section class=\"elementor-section elementor-top-section elementor-element elementor-element-d9409a3 elementor-section-content-middle elementor-section-boxed elementor-section-height-default elementor-section-height-default\" data-id=\"d9409a3\" data-element_type=\"section\">\n\t\t\t\t\t\t<div class=\"elementor-container elementor-column-gap-default\">\n\t\t\t\t\t<div class=\"elementor-column elementor-col-50 elementor-top-column elementor-element elementor-element-c71fa1e\" data-id=\"c71fa1e\" data-element_type=\"column\">\n\t\t\t<div class=\"elementor-widget-wrap elementor-element-populated\">\n\t\t\t\t\t\t<div class=\"elementor-element elementor-element-0504703 elementor-widget__width-initial elementor-widget elementor-widget-image\" data-id=\"0504703\" data-element_type=\"widget\" data-widget_type=\"image.default\">\n\t\t\t\t<div class=\"elementor-widget-container\">\n\t\t\t<style>\/*! elementor - v3.23.0 - 25-07-2024 *\/\n.elementor-widget-image{text-align:center}.elementor-widget-image a{display:inline-block}.elementor-widget-image a img[src$=\".svg\"]{width:48px}.elementor-widget-image img{vertical-align:middle;display:inline-block}<\/style>\t\t\t\t\t\t\t\t\t\t<img fetchpriority=\"high\" decoding=\"async\" width=\"800\" height=\"940\" src=\"https:\/\/www.armasan.com\/wp-content\/uploads\/2024\/08\/armasan-hakkimizda.jpg\" class=\"attachment-full size-full wp-image-22849\" alt=\"\" srcset=\"https:\/\/www.armasan.com\/wp-content\/uploads\/2024\/08\/armasan-hakkimizda.jpg 800w, https:\/\/www.armasan.com\/wp-content\/uploads\/2024\/08\/armasan-hakkimizda-768x902.jpg 768w\" sizes=\"(max-width: 800px) 100vw, 800px\" \/>\t\t\t\t\t\t\t\t\t\t\t\t\t<\/div>\n\t\t\t\t<\/div>\n\t\t\t\t\t<\/div>\n\t\t<\/div>\n\t\t\t\t<div class=\"elementor-column elementor-col-50 elementor-top-column elementor-element elementor-element-2026ecc\" data-id=\"2026ecc\" data-element_type=\"column\">\n\t\t\t<div class=\"elementor-widget-wrap elementor-element-populated\">\n\t\t\t\t\t\t<div class=\"elementor-element elementor-element-ec22295 cea-align-left elementor-widget elementor-widget-ceasectiontitle\" data-id=\"ec22295\" data-element_type=\"widget\" data-widget_type=\"ceasectiontitle.default\">\n\t\t\t\t<div class=\"elementor-widget-container\">\n\t\t\t<div class=\"section-title-wrapper\"><div class=\"title-wrap\"><h6 class=\"sub-title\">Armasan Packaging<\/h6><h2 class=\"section-title\">About Us<\/h2><\/div><!-- .title-wrap --><div class=\"section-description\"><p class=\"section-content\">Founded in 1989, Armasan Ambalaj operates in a 16,000\u202fm\u00b2 enclosed production facility located in the \u00c7erkezk\u00f6y Industrial Zone. Since its establishment, our company has continuously contributed to the national economy, employment, and the packaging sector with its ambitious goals and proven achievements.\nExporting to over 40 countries, Armasan is the primary solution partner for its business partners in the plastic packaging industry, both domestically and internationally. We continue to serve a wide range of sectors including packaging, food, cosmetics, automotive, housewares, medical, stationery, and many more.\nWith more than 150 employees, our company is committed to high-quality and timely production. With its existing machinery, Armasan has a monthly production capacity of over 1,600 tons through its PET sheet and roll production lines, metallized coating, thermoforming, folded box manufacturing, UV offset and silk screen printing departments.<\/p><\/div><!-- .section-description --><\/div><!-- .section-title-wrapper -->\t\t<\/div>\n\t\t\t\t<\/div>\n\t\t\t\t<div class=\"elementor-element elementor-element-7163d4f elementor-widget elementor-widget-ceabutton\" data-id=\"7163d4f\" data-element_type=\"widget\" data-widget_type=\"ceabutton.default\">\n\t\t\t\t<div class=\"elementor-widget-container cea-button-wrapper\">\r\n\t\t\t\t\t<div class=\"cea-button-wrapper\">\r\n\t\t\t<a href=\"https:\/\/www.armasan.com\/en\/hakkimizda\/\" class=\"cea-button-link elementor-button cea-button elementor-size-sm\">\r\n\t\t\t\t\t\t<span class=\"cea-button-content-wrapper\">\r\n\t\t\t\t\t\t<span class=\"cea-button-icon cea-align-icon-\">\r\n\t\t\t\t\t\t\t<\/span>\r\n\t\t\t\t\t\t<span class=\"cea-button-text\">Read More<\/span>\r\n\t\t<\/span>\r\n\t\t\t\t\t<\/a>\r\n\t\t<\/div>\r\n\t\t\t\t<\/div>\r\n\t\t\t\t<\/div>\n\t\t\t\t\t<\/div>\n\t\t<\/div>\n\t\t\t\t\t<\/div>\n\t\t<\/section>\n\t\t<div class=\"elementor-element elementor-element-c40b5df e-con-full e-flex e-con e-parent\" data-id=\"c40b5df\" data-element_type=\"container\">\n\t\t<div class=\"elementor-element elementor-element-3438d72 e-flex e-con-boxed e-con e-child\" data-id=\"3438d72\" data-element_type=\"container\">\n\t\t\t\t\t<div class=\"e-con-inner\">\n\t\t\t\t<div class=\"elementor-element elementor-element-f7bdcb1 elementor-widget elementor-widget-html\" data-id=\"f7bdcb1\" data-element_type=\"widget\" data-widget_type=\"html.default\">\n\t\t\t\t<div class=\"elementor-widget-container\">\n\t\t\t<div class=\"elementor-element elementor-element-8c9d858 cea-align-center elementor-widget elementor-widget-ceasectiontitle\" data-id=\"8c9d858\" data-element_type=\"widget\" data-widget_type=\"ceasectiontitle.default\">\r\n\t\t\t\t<div class=\"elementor-widget-container\">\r\n\t\t\t<div class=\"section-title-wrapper\"><div class=\"title-wrap\"><h6 class=\"sub-title\">Quality Certified Production Technology<\/h6><h2 class=\"section-title\">Our Certificates<\/h2><\/div><!-- .title-wrap --><div class=\"section-description\"><p class=\"section-content\">\r\n<\/p><\/div><!-- .section-description --><\/div><!-- .section-title-wrapper -->\t\t<\/div>\r\n\t\t\t\t<\/div>\t\t<\/div>\n\t\t\t\t<\/div>\n\t\t\t\t\t<\/div>\n\t\t\t\t<\/div>\n\t\t\t\t<div class=\"elementor-element elementor-element-18cc491 elementor-widget elementor-widget-image-carousel\" data-id=\"18cc491\" data-element_type=\"widget\" data-settings=\"{&quot;slides_to_show&quot;:&quot;6&quot;,&quot;navigation&quot;:&quot;none&quot;,&quot;image_spacing_custom&quot;:{&quot;unit&quot;:&quot;px&quot;,&quot;size&quot;:30,&quot;sizes&quot;:[]},&quot;speed&quot;:500,&quot;image_spacing_custom_tablet&quot;:{&quot;unit&quot;:&quot;px&quot;,&quot;size&quot;:&quot;&quot;,&quot;sizes&quot;:[]},&quot;image_spacing_custom_mobile&quot;:{&quot;unit&quot;:&quot;px&quot;,&quot;size&quot;:&quot;&quot;,&quot;sizes&quot;:[]}}\" data-widget_type=\"image-carousel.default\">\n\t\t\t\t<div class=\"elementor-widget-container\">\n\t\t\t<style>\/*! elementor - v3.23.0 - 25-07-2024 *\/\n.elementor-widget-image-carousel .swiper,.elementor-widget-image-carousel .swiper-container{position:static}.elementor-widget-image-carousel .swiper-container .swiper-slide figure,.elementor-widget-image-carousel .swiper .swiper-slide figure{line-height:inherit}.elementor-widget-image-carousel .swiper-slide{text-align:center}.elementor-image-carousel-wrapper:not(.swiper-container-initialized):not(.swiper-initialized) .swiper-slide{max-width:calc(100% \/ var(--e-image-carousel-slides-to-show, 3))}<\/style>\t\t<div class=\"elementor-image-carousel-wrapper swiper\" dir=\"ltr\">\n\t\t\t<div class=\"elementor-image-carousel swiper-wrapper\" aria-live=\"polite\">\n\t\t\t\t\t\t\t\t<div class=\"swiper-slide\" role=\"group\" aria-roledescription=\"slide\" aria-label=\"1 \/ 6\"><figure class=\"swiper-slide-inner\"><img decoding=\"async\" class=\"swiper-slide-image\" src=\"https:\/\/www.armasan.com\/wp-content\/uploads\/2025\/02\/AASB_Sertifikasyon-Logolari-Intertek-ilave_ISO-45001.jpg\" alt=\"AASB_Sertifikasyon Logolar\u0131 Intertek ilave_ISO 45001\" \/><\/figure><\/div><div class=\"swiper-slide\" role=\"group\" aria-roledescription=\"slide\" aria-label=\"2 \/ 6\"><figure class=\"swiper-slide-inner\"><img decoding=\"async\" class=\"swiper-slide-image\" src=\"https:\/\/www.armasan.com\/wp-content\/uploads\/2025\/02\/AASB_Sertifikasyon-Logolari-Intertek-ilave_ISO-22000.jpg\" alt=\"AASB_Sertifikasyon Logolar\u0131 Intertek ilave_ISO 22000\" \/><\/figure><\/div><div class=\"swiper-slide\" role=\"group\" aria-roledescription=\"slide\" aria-label=\"3 \/ 6\"><figure class=\"swiper-slide-inner\"><img decoding=\"async\" class=\"swiper-slide-image\" src=\"https:\/\/www.armasan.com\/wp-content\/uploads\/2024\/08\/brgs-logo.png.png\" alt=\"brgs-logo.png\" \/><\/figure><\/div><div class=\"swiper-slide\" role=\"group\" aria-roledescription=\"slide\" aria-label=\"4 \/ 6\"><figure class=\"swiper-slide-inner\"><img decoding=\"async\" class=\"swiper-slide-image\" src=\"https:\/\/www.armasan.com\/wp-content\/uploads\/2025\/09\/RecyClass-Logo-2020.png\" alt=\"RecyClass-Logo-2020\" \/><\/figure><\/div><div class=\"swiper-slide\" role=\"group\" aria-roledescription=\"slide\" aria-label=\"5 \/ 6\"><figure class=\"swiper-slide-inner\"><img decoding=\"async\" class=\"swiper-slide-image\" src=\"https:\/\/www.armasan.com\/wp-content\/uploads\/2025\/02\/AASB_Sertifikasyon-Logolari-Intertek-ilave_ISO-9001.jpg\" alt=\"AASB_Sertifikasyon Logolar\u0131 Intertek ilave_ISO 9001\" \/><\/figure><\/div><div class=\"swiper-slide\" role=\"group\" aria-roledescription=\"slide\" aria-label=\"6 \/ 6\"><figure class=\"swiper-slide-inner\"><img decoding=\"async\" class=\"swiper-slide-image\" src=\"https:\/\/www.armasan.com\/wp-content\/uploads\/2025\/02\/AASB_Sertifikasyon-Logolari-Intertek-ilave_ISO-4001.jpg\" alt=\"AASB_Sertifikasyon Logolar\u0131 Intertek ilave_ISO 4001\" \/><\/figure><\/div>\t\t\t<\/div>\n\t\t\t\t\t\t\t\n\t\t\t\t\t\t\t\t\t<\/div>\n\t\t\t\t<\/div>\n\t\t\t\t<\/div>\n\t\t\t\t<\/div>\n\t\t<div class=\"elementor-element elementor-element-214cc5f e-con-full e-flex e-con e-parent\" data-id=\"214cc5f\" data-element_type=\"container\">\n\t\t<div class=\"elementor-element elementor-element-8f4d2b3 e-flex e-con-boxed e-con e-child\" data-id=\"8f4d2b3\" data-element_type=\"container\">\n\t\t\t\t\t<div class=\"e-con-inner\">\n\t\t\t\t<div class=\"elementor-element elementor-element-f0e306b elementor-widget elementor-widget-html\" data-id=\"f0e306b\" data-element_type=\"widget\" data-widget_type=\"html.default\">\n\t\t\t\t<div class=\"elementor-widget-container\">\n\t\t\t<div class=\"elementor-element elementor-element-8c9d858 cea-align-center elementor-widget elementor-widget-ceasectiontitle\" data-id=\"8c9d858\" data-element_type=\"widget\" data-widget_type=\"ceasectiontitle.default\">\r\n\t\t\t\t<div class=\"elementor-widget-container\">\r\n\t\t\t<div class=\"section-title-wrapper\"><div class=\"title-wrap\"><h6 class=\"sub-title\">What Do We Produce ?<\/h6><h2 class=\"section-title\">Products<\/h2><\/div><!-- .title-wrap --><div class=\"section-description\"><p class=\"section-content\">\r\n<\/p><\/div><!-- .section-description --><\/div><!-- .section-title-wrapper -->\t\t<\/div>\r\n\t\t\t\t<\/div>\t\t<\/div>\n\t\t\t\t<\/div>\n\t\t\t\t\t<\/div>\n\t\t\t\t<\/div>\n\t\t\t\t<\/div>\n\t\t<div class=\"elementor-element elementor-element-ce02816 e-flex e-con-boxed e-con e-parent\" data-id=\"ce02816\" data-element_type=\"container\">\n\t\t\t\t\t<div class=\"e-con-inner\">\n\t\t\t\t<div class=\"elementor-element elementor-element-d93a5dd elementor-widget elementor-widget-ceaservice\" data-id=\"d93a5dd\" data-element_type=\"widget\" data-widget_type=\"ceaservice.default\">\n\t\t\t\t\r\n\t\t<div class=\"elementor-widget-container service-wrapper service-style-default service-light service-slide-model\">\r\n\t\t\r\n\t\t\t<div class=\"cea-carousel owl-carousel\" data-loop=\"0\" data-margin=\"0\" data-center=\"0\" data-nav=\"1\" data-dots=\"1\" data-autoplay=\"0\" data-items=\"4\" data-items-tab=\"4\" data-items-mob=\"1\" data-duration=\"5000\" data-smartspeed=\"250\" data-scrollby=\"1\" data-autoheight=\"0\"><div class=\"owl-carousel-item\"><div class=\"service-inner\"><div class=\"post-thumb\"><a href=\"https:\/\/www.armasan.com\/en\/urunlerimiz\/pet-rulo-ve-tabaka\/\" class=\"post-image-link\"><img decoding=\"async\" src=\"https:\/\/www.armasan.com\/wp-content\/uploads\/2025\/10\/kolajda-kullan-scaled.jpg\" title=\"\" alt=\"\" class=\"img-fluid squared\" \/><\/a><\/div><!-- .post-thumb --><div class=\"entry-title\"><h3 class=\"post-title-head\"><a href=\"https:\/\/www.armasan.com\/en\/urunlerimiz\/pet-rulo-ve-tabaka\/\" class=\"post-title\">Pet Roll &amp; Sheets<\/a><\/h3><\/div><!-- .entry-title --><\/div><!-- .service-inner --><\/div><!-- .col \/ .owl-carousel-item \/ .isotope --><div class=\"owl-carousel-item\"><div class=\"service-inner\"><div class=\"post-thumb\"><a href=\"https:\/\/www.armasan.com\/en\/urunlerimiz\/katlamali-kutular\/\" class=\"post-image-link\"><img decoding=\"async\" src=\"https:\/\/www.armasan.com\/wp-content\/uploads\/2025\/10\/kolajda-kullanilacak-scaled.jpg\" title=\"\" alt=\"\" class=\"img-fluid squared img-fluid squared\" \/><\/a><\/div><!-- .post-thumb --><div class=\"entry-title\"><h3 class=\"post-title-head\"><a href=\"https:\/\/www.armasan.com\/en\/urunlerimiz\/katlamali-kutular\/\" class=\"post-title\">Foldable Box<\/a><\/h3><\/div><!-- .entry-title --><\/div><!-- .service-inner --><\/div><!-- .col \/ .owl-carousel-item \/ .isotope --><div class=\"owl-carousel-item\"><div class=\"service-inner\"><div class=\"post-thumb\"><a href=\"https:\/\/www.armasan.com\/en\/urunlerimiz\/vakum-termoform\/\" class=\"post-image-link\"><img decoding=\"async\" src=\"https:\/\/www.armasan.com\/wp-content\/uploads\/2025\/10\/kolajda-kullan-1.jpg\" title=\"\" alt=\"\" class=\"img-fluid squared img-fluid squared img-fluid squared\" \/><\/a><\/div><!-- .post-thumb --><div class=\"entry-title\"><h3 class=\"post-title-head\"><a href=\"https:\/\/www.armasan.com\/en\/urunlerimiz\/vakum-termoform\/\" class=\"post-title\">Vacuum Thermoform<\/a><\/h3><\/div><!-- .entry-title --><\/div><!-- .service-inner --><\/div><!-- .col \/ .owl-carousel-item \/ .isotope --><div class=\"owl-carousel-item\"><div class=\"service-inner\"><div class=\"post-thumb\"><a href=\"https:\/\/www.armasan.com\/en\/urunlerimiz\/baski-bolumu\/\" class=\"post-image-link\"><img decoding=\"async\" src=\"https:\/\/www.armasan.com\/wp-content\/uploads\/2022\/10\/cover.png\" title=\"\" alt=\"\" class=\"img-fluid squared img-fluid squared img-fluid squared img-fluid squared\" \/><\/a><\/div><!-- .post-thumb --><div class=\"entry-title\"><h3 class=\"post-title-head\"><a href=\"https:\/\/www.armasan.com\/en\/urunlerimiz\/baski-bolumu\/\" class=\"post-title\">Printing Department<\/a><\/h3><\/div><!-- .entry-title --><\/div><!-- .service-inner --><\/div><!-- .col \/ .owl-carousel-item \/ .isotope --><\/div><!-- .owl-carousel -->\t\t\t\r\n\t\t<\/div>\r\n\t\t\t\t<\/div>\n\t\t\t\t\t<\/div>\n\t\t\t\t<\/div>\n\t\t<div class=\"elementor-element elementor-element-16766d0 e-flex e-con-boxed e-con e-parent\" data-id=\"16766d0\" data-element_type=\"container\">\n\t\t\t\t\t<div class=\"e-con-inner\">\n\t\t\t\t<div class=\"elementor-element elementor-element-48d0f56 cea-align-center elementor-widget elementor-widget-ceasectiontitle\" data-id=\"48d0f56\" data-element_type=\"widget\" data-widget_type=\"ceasectiontitle.default\">\n\t\t\t\t<div class=\"elementor-widget-container\">\n\t\t\t<div class=\"section-title-wrapper\"><div class=\"title-wrap\"><h6 class=\"sub-title\">Eco-Friendly Packaging, A Healthier World <\/h6><h2 class=\"section-title\">Ecological Solutions, Healthier Tomorrows<\/h2><\/div><!-- .title-wrap --><div class=\"section-description\"><p class=\"section-content\">\n<\/p><\/div><!-- .section-description --><\/div><!-- .section-title-wrapper -->\t\t<\/div>\n\t\t\t\t<\/div>\n\t\t\t\t\t<\/div>\n\t\t\t\t<\/div>\n\t\t<div class=\"elementor-element elementor-element-b81a237 e-flex e-con-boxed e-con e-parent\" data-id=\"b81a237\" data-element_type=\"container\">\n\t\t\t\t\t<div class=\"e-con-inner\">\n\t\t<div class=\"elementor-element elementor-element-4d46e8a e-con-full e-flex e-con e-child\" data-id=\"4d46e8a\" data-element_type=\"container\">\n\t\t\t\t<div class=\"elementor-element elementor-element-557be0b elementor-widget elementor-widget-image\" data-id=\"557be0b\" data-element_type=\"widget\" data-widget_type=\"image.default\">\n\t\t\t\t<div class=\"elementor-widget-container\">\n\t\t\t\t\t\t\t\t\t\t\t\t\t<img decoding=\"async\" width=\"800\" height=\"940\" src=\"https:\/\/www.armasan.com\/wp-content\/uploads\/2024\/09\/cevre.jpg\" class=\"attachment-full size-full wp-image-22988\" alt=\"\" srcset=\"https:\/\/www.armasan.com\/wp-content\/uploads\/2024\/09\/cevre.jpg 800w, https:\/\/www.armasan.com\/wp-content\/uploads\/2024\/09\/cevre-768x902.jpg 768w\" sizes=\"(max-width: 800px) 100vw, 800px\" \/>\t\t\t\t\t\t\t\t\t\t\t\t\t<\/div>\n\t\t\t\t<\/div>\n\t\t\t\t<\/div>\n\t\t<div class=\"elementor-element elementor-element-be00429 e-con-full e-flex e-con e-child\" data-id=\"be00429\" data-element_type=\"container\">\n\t\t\t\t<div class=\"elementor-element elementor-element-18d9776 cea-align-left elementor-widget elementor-widget-ceasectiontitle\" data-id=\"18d9776\" data-element_type=\"widget\" data-widget_type=\"ceasectiontitle.default\">\n\t\t\t\t<div class=\"elementor-widget-container\">\n\t\t\t<div class=\"section-title-wrapper\"><div class=\"title-wrap\"><div class=\"section-title\"><\/div><\/div><!-- .title-wrap --><div class=\"section-description\"><p class=\"section-content\"><img decoding=\"async\" style=\"height: 125px;\" src=\"https:\/\/www.armasan.com\/wp-content\/uploads\/2024\/09\/s-l1200.jpg\">\nAt Armasan Packaging, we are fully aware of our responsibility towards the environment and aim to play an active role in building a sustainable future. To minimize our environmental impact and protect natural resources, we strictly adhere to the following principles under our environmental policy:\nSustainable Production and Consumption\nResource Efficiency: We optimize our production processes to ensure the efficient use of natural resources. By using energy, water, and other resources as efficiently as possible, we prevent waste.\nRecycling and Waste Management: We promote recycling and strive to minimize the waste generated during our production processes. We continuously improve our recycling and reuse practices.\nEnergy Efficiency and Carbon Footprint:\nEnergy Management: We use energy-efficient technologies and equipment to reduce our energy consumption. <\/p><\/div><!-- .section-description --><\/div><!-- .section-title-wrapper -->\t\t<\/div>\n\t\t\t\t<\/div>\n\t\t\t\t<div class=\"elementor-element elementor-element-6854965 elementor-widget elementor-widget-ceabutton\" data-id=\"6854965\" data-element_type=\"widget\" data-widget_type=\"ceabutton.default\">\n\t\t\t\t<div class=\"elementor-widget-container cea-button-wrapper\">\r\n\t\t\t\t\t<div class=\"cea-button-wrapper\">\r\n\t\t\t<a href=\"https:\/\/www.armasan.com\/en\/surdurulebilirlik\/\" class=\"cea-button-link elementor-button cea-button elementor-size-sm\">\r\n\t\t\t\t\t\t<span class=\"cea-button-content-wrapper\">\r\n\t\t\t\t\t\t<span class=\"cea-button-icon cea-align-icon-\">\r\n\t\t\t\t\t\t\t<\/span>\r\n\t\t\t\t\t\t<span class=\"cea-button-text\">Read More<\/span>\r\n\t\t<\/span>\r\n\t\t\t\t\t<\/a>\r\n\t\t<\/div>\r\n\t\t\t\t<\/div>\r\n\t\t\t\t<\/div>\n\t\t\t\t<\/div>\n\t\t\t\t\t<\/div>\n\t\t\t\t<\/div>\n\t\t\t\t<section class=\"elementor-section elementor-top-section elementor-element elementor-element-4f98e78 elementor-section-stretched elementor-section-boxed elementor-section-height-default elementor-section-height-default\" data-id=\"4f98e78\" data-element_type=\"section\" data-settings=\"{&quot;stretch_section&quot;:&quot;section-stretched&quot;,&quot;background_background&quot;:&quot;classic&quot;}\">\n\t\t\t\t\t\t<div class=\"elementor-container elementor-column-gap-default\">\n\t\t\t\t\t<div class=\"elementor-column elementor-col-100 elementor-top-column elementor-element elementor-element-ee3c42d\" data-id=\"ee3c42d\" data-element_type=\"column\">\n\t\t\t<div class=\"elementor-widget-wrap elementor-element-populated\">\n\t\t\t\t\t\t<div class=\"elementor-element elementor-element-57616c5 cea-align-center elementor-widget elementor-widget-ceasectiontitle\" data-id=\"57616c5\" data-element_type=\"widget\" data-widget_type=\"ceasectiontitle.default\">\n\t\t\t\t<div class=\"elementor-widget-container\">\n\t\t\t<div class=\"section-title-wrapper\"><div class=\"title-wrap\"><h6 class=\"sub-title\">Linkedin Shares<\/h6><h2 class=\"section-title\">Latest Posts<\/h2><\/div><!-- .title-wrap --><div class=\"section-description\"><p class=\"section-content\">\n<\/p><\/div><!-- .section-description --><\/div><!-- .section-title-wrapper -->\t\t<\/div>\n\t\t\t\t<\/div>\n\t\t\t\t\t<\/div>\n\t\t<\/div>\n\t\t\t\t\t<\/div>\n\t\t<\/section>\n\t\t<div class=\"elementor-element elementor-element-2f905fe e-flex e-con-boxed e-con e-parent\" data-id=\"2f905fe\" data-element_type=\"container\">\n\t\t\t\t\t<div class=\"e-con-inner\">\n\t\t\t\t<div class=\"elementor-element elementor-element-aa8944a elementor-widget elementor-widget-shortcode\" data-id=\"aa8944a\" data-element_type=\"widget\" data-widget_type=\"shortcode.default\">\n\t\t\t\t<div class=\"elementor-widget-container\">\n\t\t\t\t\t<div class=\"elementor-shortcode\"><div class=\"juicer-feed\" data-feed-id=\"armasan-ambalaj-a-s\"><\/div><\/div>\n\t\t\t\t<\/div>\n\t\t\t\t<\/div>\n\t\t\t\t\t<\/div>\n\t\t\t\t<\/div>\n\t\t<div class=\"elementor-element elementor-element-0eb78ac e-flex e-con-boxed e-con e-parent\" data-id=\"0eb78ac\" data-element_type=\"container\">\n\t\t\t\t\t<div class=\"e-con-inner\">\n\t\t\t\t\t<\/div>\n\t\t\t\t<\/div>\n\t\t\t\t<\/div>","protected":false},"excerpt":{"rendered":"<p>Armasan Ambalaj Hakk\u0131m\u0131zda 1989 y\u0131l\u0131nda kurulan Armasan Ambalaj, \u00c7erkezk\u00f6y Organize Sanayi B\u00f6lgesi i\u00e7erisinde 16.000 m2 kapal\u0131 alanda \u00fcretim yapmaktad\u0131r. Kuruldu\u011fu g\u00fcnden beri firmam\u0131z hedefleriyle ve ger\u00e7ekle\u015ftirdikleriyle \u00fclke ekonomisine, istihdam\u0131na ve sekt\u00f6r\u00fcne artarak katk\u0131 vermeye devam etmektedir. 40 \u00fczeri \u00fclkeye ihracat yaparak hem yurti\u00e7i hem yurtd\u0131\u015f\u0131 pazarda plastik ambalaj konusunda i\u015f ortaklar\u0131n\u0131n birinci \u00e7\u00f6z\u00fcm orta\u011f\u0131 olan Armasan; ambalaj, g\u0131da, kozmetik, otomotiv, z\u00fcccaciye, medikal, k\u0131rtasiye ve daha bir\u00e7ok sekt\u00f6re hizmet vermeye devam etmektedir. 150 \u00fczerinde \u00e7al\u0131\u015fan\u0131yla hizmet veren firmam\u0131z kaliteli ve zaman\u0131nda \u00fcretim anlay\u0131\u015f\u0131n\u0131 benimsemi\u015ftir. Halihaz\u0131rda bulunan makine parkuruyla PET tabaka ve rulo \u00fcretimi ve metalize kaplama, thermoform \u00fcr\u00fcnler, katlamal\u0131 kutu, UV..<\/p>","protected":false},"author":1,"featured_media":0,"parent":0,"menu_order":0,"comment_status":"closed","ping_status":"closed","template":"","meta":{"footnotes":""},"class_list":["post-20606","page","type-page","status-publish","hentry"],"_links":{"self":[{"href":"https:\/\/www.armasan.com\/en\/wp-json\/wp\/v2\/pages\/20606","targetHints":{"allow":["GET"]}}],"collection":[{"href":"https:\/\/www.armasan.com\/en\/wp-json\/wp\/v2\/pages"}],"about":[{"href":"https:\/\/www.armasan.com\/en\/wp-json\/wp\/v2\/types\/page"}],"author":[{"embeddable":true,"href":"https:\/\/www.armasan.com\/en\/wp-json\/wp\/v2\/users\/1"}],"replies":[{"embeddable":true,"href":"https:\/\/www.armasan.com\/en\/wp-json\/wp\/v2\/comments?post=20606"}],"version-history":[{"count":124,"href":"https:\/\/www.armasan.com\/en\/wp-json\/wp\/v2\/pages\/20606\/revisions"}],"predecessor-version":[{"id":23859,"href":"https:\/\/www.armasan.com\/en\/wp-json\/wp\/v2\/pages\/20606\/revisions\/23859"}],"wp:attachment":[{"href":"https:\/\/www.armasan.com\/en\/wp-json\/wp\/v2\/media?parent=20606"}],"curies":[{"name":"wp","href":"https:\/\/api.w.org\/{rel}","templated":true}]}}