{"id":22951,"date":"2024-09-03T19:58:17","date_gmt":"2024-09-03T19:58:17","guid":{"rendered":"https:\/\/www.armasan.fabordigital.com\/?page_id=22951"},"modified":"2026-01-21T06:04:01","modified_gmt":"2026-01-21T06:04:01","slug":"insan-kaynaklari","status":"publish","type":"page","link":"https:\/\/www.armasan.com\/en\/insan-kaynaklari\/","title":{"rendered":"Human Resources"},"content":{"rendered":"<div data-elementor-type=\"wp-page\" data-elementor-id=\"22951\" class=\"elementor elementor-22951\">\n\t\t\t\t\t\t<section class=\"elementor-section elementor-top-section elementor-element elementor-element-d9c3ca7 elementor-section-content-middle elementor-section-stretched elementor-section-boxed elementor-section-height-default elementor-section-height-default\" data-id=\"d9c3ca7\" data-element_type=\"section\" data-settings=\"{&quot;stretch_section&quot;:&quot;section-stretched&quot;}\">\n\t\t\t\t\t\t<div class=\"elementor-container elementor-column-gap-extended\">\n\t\t\t\t\t<div class=\"elementor-column elementor-col-50 elementor-top-column elementor-element elementor-element-be921cd elementor-invisible\" data-id=\"be921cd\" data-element_type=\"column\" data-settings=\"{&quot;animation&quot;:&quot;fadeInLeft&quot;}\">\n\t\t\t<div class=\"elementor-widget-wrap elementor-element-populated\">\n\t\t\t\t\t\t<div class=\"elementor-element elementor-element-ed57380 elementor-widget elementor-widget-image\" data-id=\"ed57380\" data-element_type=\"widget\" data-widget_type=\"image.default\">\n\t\t\t\t<div class=\"elementor-widget-container\">\n\t\t\t<style>\/*! elementor - v3.23.0 - 25-07-2024 *\/\n.elementor-widget-image{text-align:center}.elementor-widget-image a{display:inline-block}.elementor-widget-image a img[src$=\".svg\"]{width:48px}.elementor-widget-image img{vertical-align:middle;display:inline-block}<\/style>\t\t\t\t\t\t\t\t\t\t<img fetchpriority=\"high\" decoding=\"async\" width=\"800\" height=\"940\" src=\"https:\/\/www.armasan.com\/wp-content\/uploads\/2024\/09\/hr-armasan-1.jpg\" class=\"attachment-full size-full wp-image-22965\" alt=\"\" srcset=\"https:\/\/www.armasan.com\/wp-content\/uploads\/2024\/09\/hr-armasan-1.jpg 800w, https:\/\/www.armasan.com\/wp-content\/uploads\/2024\/09\/hr-armasan-1-768x902.jpg 768w\" sizes=\"(max-width: 800px) 100vw, 800px\" \/>\t\t\t\t\t\t\t\t\t\t\t\t\t<\/div>\n\t\t\t\t<\/div>\n\t\t\t\t\t<\/div>\n\t\t<\/div>\n\t\t\t\t<div class=\"elementor-column elementor-col-50 elementor-top-column elementor-element elementor-element-f484346 elementor-invisible\" data-id=\"f484346\" data-element_type=\"column\" data-settings=\"{&quot;animation&quot;:&quot;fadeInRight&quot;}\">\n\t\t\t<div class=\"elementor-widget-wrap elementor-element-populated\">\n\t\t\t\t\t\t<div class=\"elementor-element elementor-element-d7b000f cea-align-left elementor-widget elementor-widget-ceasectiontitle\" data-id=\"d7b000f\" data-element_type=\"widget\" data-widget_type=\"ceasectiontitle.default\">\n\t\t\t\t<div class=\"elementor-widget-container\">\n\t\t\t<div class=\"section-title-wrapper\"><div class=\"title-wrap\"><h6 class=\"sub-title\">Human Resources<\/h6><h3 class=\"section-title\">Our Values &amp; Culture<\/h3><\/div><!-- .title-wrap --><div class=\"section-description\"><p class=\"section-content\">At Armasan Packaging, we believe that the road to success is built on a strong team spirit and effective collaboration. Since 1989, we have maintained our leading position in the packaging industry, and behind this success lies our most valuable asset \u2014 our employees.\nOur Human Resources team not only seeks talented individuals but also strives to provide a working environment that enables each person to reach their full potential.\n\n<\/p><\/div><!-- .section-description --><\/div><!-- .section-title-wrapper -->\t\t<\/div>\n\t\t\t\t<\/div>\n\t\t\t\t<div class=\"elementor-element elementor-element-83d399a cea-align-left elementor-widget elementor-widget-ceasectiontitle\" data-id=\"83d399a\" data-element_type=\"widget\" data-widget_type=\"ceasectiontitle.default\">\n\t\t\t\t<div class=\"elementor-widget-container\">\n\t\t\t<div class=\"section-title-wrapper\"><div class=\"title-wrap\"><h3 class=\"section-title\">A Safe and Healthy Working Environment<\/h3><\/div><!-- .title-wrap --><div class=\"section-description\"><p class=\"section-content\">The health and safety of our employees are our top priorities. In our modern facilities, we ensure a safe and healthy workplace where everyone can perform at their highest productivity.\n\n<\/p><\/div><!-- .section-description --><\/div><!-- .section-title-wrapper -->\t\t<\/div>\n\t\t\t\t<\/div>\n\t\t\t\t<div class=\"elementor-element elementor-element-e2a52e0 cea-align-left elementor-widget elementor-widget-ceasectiontitle\" data-id=\"e2a52e0\" data-element_type=\"widget\" data-widget_type=\"ceasectiontitle.default\">\n\t\t\t\t<div class=\"elementor-widget-container\">\n\t\t\t<div class=\"section-title-wrapper\"><div class=\"title-wrap\"><h3 class=\"section-title\">Working at Armasan Packaging :<\/h3><\/div><!-- .title-wrap --><div class=\"section-description\"><p class=\"section-content\">At Armasan Packaging, you will find more than just a job \u2014 you will find the opportunity to become part of a family. As a member of our team, we look forward to growing and achieving success together with you. Are you ready to join us on a journey that shapes the future of the packaging industry?\n\n\n<\/p><\/div><!-- .section-description --><\/div><!-- .section-title-wrapper -->\t\t<\/div>\n\t\t\t\t<\/div>\n\t\t\t\t\t<\/div>\n\t\t<\/div>\n\t\t\t\t\t<\/div>\n\t\t<\/section>\n\t\t\t\t<section class=\"elementor-section elementor-top-section elementor-element elementor-element-68745bf elementor-section-stretched elementor-section-boxed elementor-section-height-default elementor-section-height-default\" data-id=\"68745bf\" data-element_type=\"section\" data-settings=\"{&quot;stretch_section&quot;:&quot;section-stretched&quot;,&quot;background_background&quot;:&quot;classic&quot;}\">\n\t\t\t\t\t\t\t<div class=\"elementor-background-overlay\"><\/div>\n\t\t\t\t\t\t\t<div class=\"elementor-container elementor-column-gap-default\">\n\t\t\t\t\t<div class=\"elementor-column elementor-col-100 elementor-top-column elementor-element elementor-element-b9052e7 elementor-invisible\" data-id=\"b9052e7\" data-element_type=\"column\" data-settings=\"{&quot;animation&quot;:&quot;fadeInUp&quot;}\">\n\t\t\t<div class=\"elementor-widget-wrap elementor-element-populated\">\n\t\t\t\t\t\t<section class=\"elementor-section elementor-inner-section elementor-element elementor-element-43ddf3c elementor-section-boxed elementor-section-height-default elementor-section-height-default\" data-id=\"43ddf3c\" data-element_type=\"section\">\n\t\t\t\t\t\t<div class=\"elementor-container elementor-column-gap-default\">\n\t\t\t\t\t<div class=\"elementor-column elementor-col-33 elementor-inner-column elementor-element elementor-element-a9bb9d1\" data-id=\"a9bb9d1\" data-element_type=\"column\">\n\t\t\t<div class=\"elementor-widget-wrap\">\n\t\t\t\t\t\t\t<\/div>\n\t\t<\/div>\n\t\t\t\t<div class=\"elementor-column elementor-col-33 elementor-inner-column elementor-element elementor-element-4543571\" data-id=\"4543571\" data-element_type=\"column\">\n\t\t\t<div class=\"elementor-widget-wrap elementor-element-populated\">\n\t\t\t\t\t\t<div class=\"elementor-element elementor-element-038cd27 cea-align-center elementor-widget elementor-widget-ceasectiontitle\" data-id=\"038cd27\" data-element_type=\"widget\" data-widget_type=\"ceasectiontitle.default\">\n\t\t\t\t<div class=\"elementor-widget-container\">\n\t\t\t<div class=\"section-title-wrapper\"><div class=\"title-wrap\"><h6 class=\"sub-title\">Apply For a Job<\/h6><h2 class=\"section-title\">Human Resources Form<\/h2><\/div><!-- .title-wrap --><div class=\"section-description\"><\/div><!-- .section-description --><\/div><!-- .section-title-wrapper -->\t\t<\/div>\n\t\t\t\t<\/div>\n\t\t\t\t\t<\/div>\n\t\t<\/div>\n\t\t\t\t<div class=\"elementor-column elementor-col-33 elementor-inner-column elementor-element elementor-element-412f675\" data-id=\"412f675\" data-element_type=\"column\">\n\t\t\t<div class=\"elementor-widget-wrap\">\n\t\t\t\t\t\t\t<\/div>\n\t\t<\/div>\n\t\t\t\t\t<\/div>\n\t\t<\/section>\n\t\t\t\t<div class=\"elementor-element elementor-element-9fad74f elementor-widget elementor-widget-shortcode\" data-id=\"9fad74f\" data-element_type=\"widget\" data-widget_type=\"shortcode.default\">\n\t\t\t\t<div class=\"elementor-widget-container\">\n\t\t\t\t\t<div class=\"elementor-shortcode\"><div class=\"forminator-ui forminator-custom-form forminator-custom-form-23222 forminator-design--default  forminator_ajax\" data-forminator-render=\"0\" data-form=\"forminator-module-23222\" data-uid=\"69e01464c50a3\"><br\/><\/div><form\n\t\t\t\tid=\"forminator-module-23222\"\n\t\t\t\tclass=\"forminator-ui forminator-custom-form forminator-custom-form-23222 forminator-design--default  forminator_ajax\"\n\t\t\t\tmethod=\"post\"\n\t\t\t\tdata-forminator-render=\"0\"\n\t\t\t\tdata-form-id=\"23222\"\n\t\t\t\t\n\t\t\t\tdata-design=\"default\"\n\t\t\t\t\n\t\t\t\t\n\t\t\t\t\n\t\t\t\tdata-grid=\"open\"\n\t\t\t\tenctype=\"multipart\/form-data\"\n\t\t\t\t\n\t\t\t\tstyle=\"display: none;\"\n\t\t\t\t\n\t\t\t\tdata-uid=\"69e01464c50a3\" action=\"\"\n\t\t\t><div role=\"alert\" aria-live=\"polite\" class=\"forminator-response-message forminator-error\" aria-hidden=\"true\"><\/div><div class=\"forminator-row\"><div id=\"name-1\" class=\"forminator-field-name forminator-col forminator-col-12\"><div class=\"forminator-field\"><label for=\"forminator-field-name-1_69e01464c50a3\" id=\"forminator-field-name-1_69e01464c50a3-label\" class=\"forminator-label\">Name Surname <span class=\"forminator-required\">*<\/span><\/label><input type=\"text\" name=\"name-1\" value=\"\" placeholder=\"\" id=\"forminator-field-name-1_69e01464c50a3\" class=\"forminator-input forminator-name--field\" aria-required=\"true\" \/><\/div><\/div><\/div><div class=\"forminator-row\"><div id=\"email-1\" class=\"forminator-field-email forminator-col forminator-col-12\"><div class=\"forminator-field\"><label for=\"forminator-field-email-1_69e01464c50a3\" id=\"forminator-field-email-1_69e01464c50a3-label\" class=\"forminator-label\">E-Mail <span class=\"forminator-required\">*<\/span><\/label><input type=\"email\" name=\"email-1\" value=\"\" placeholder=\"\" id=\"forminator-field-email-1_69e01464c50a3\" class=\"forminator-input forminator-email--field\" data-required=\"1\" aria-required=\"true\" \/><\/div><\/div><\/div><div class=\"forminator-row\"><div id=\"phone-1\" class=\"forminator-field-phone forminator-col forminator-col-12\"><div class=\"forminator-field\"><label for=\"forminator-field-phone-1_69e01464c50a3\" id=\"forminator-field-phone-1_69e01464c50a3-label\" class=\"forminator-label\">Phone<\/label><input type=\"text\" name=\"phone-1\" value=\"\" placeholder=\"\" id=\"forminator-field-phone-1_69e01464c50a3\" class=\"forminator-input forminator-field--phone\" data-required=\"\" aria-required=\"false\" autocomplete=\"off\" \/><\/div><\/div><\/div><div class=\"forminator-row\"><div id=\"address-1\" class=\"forminator-field-address forminator-col forminator-col-12\"><div class=\"forminator-row\"><div id=\"address-1-street_address\" class=\"forminator-col\"><div class=\"forminator-field\"><label for=\"forminator-field-address-1-street_address_69e01464c50a3\" id=\"forminator-field-address-1-street_address_69e01464c50a3-label\" class=\"forminator-label\">Street Address<\/label><input type=\"text\" name=\"address-1-street_address\" placeholder=\"\" id=\"forminator-field-address-1-street_address_69e01464c50a3\" class=\"forminator-input\" data-required=\"\" aria-required=\"false\" value=\"\" \/><\/div><\/div><\/div><div class=\"forminator-row\"><div id=\"address-1-address_line\" class=\"forminator-col\"><div class=\"forminator-field\"><label for=\"forminator-field-address-1-address_line_69e01464c50a3\" id=\"forminator-field-address-1-address_line_69e01464c50a3-label\" class=\"forminator-label\">Address Detail<\/label><input type=\"text\" name=\"address-1-address_line\" placeholder=\"\" id=\"forminator-field-address-1-address_line_69e01464c50a3\" class=\"forminator-input\" data-required=\"\" aria-required=\"false\" value=\"\" \/><\/div><\/div><\/div><div class=\"forminator-row\" data-multiple=\"false\"><div id=\"address-1-city\" class=\"forminator-col forminator-col-12\"><div class=\"forminator-field\"><label for=\"forminator-field-address-1-city_69e01464c50a3\" id=\"forminator-field-address-1-city_69e01464c50a3-label\" class=\"forminator-label\">City<\/label><input type=\"text\" name=\"address-1-city\" placeholder=\"\" id=\"forminator-field-address-1-city_69e01464c50a3\" class=\"forminator-input\" data-required=\"\" aria-required=\"false\" value=\"\" \/><\/div><\/div><\/div><\/div><\/div><div class=\"forminator-row\"><div id=\"text-1\" class=\"forminator-field-text forminator-col forminator-col-12\"><div class=\"forminator-field\"><label for=\"forminator-field-text-1_69e01464c50a3\" id=\"forminator-field-text-1_69e01464c50a3-label\" class=\"forminator-label\">Applied Position<\/label><input type=\"text\" name=\"text-1\" value=\"\" placeholder=\"\" id=\"forminator-field-text-1_69e01464c50a3\" class=\"forminator-input forminator-name--field\" data-required=\"\" \/><\/div><\/div><\/div><div class=\"forminator-row\"><div id=\"upload-1\" class=\"forminator-field-upload forminator-col forminator-col-12\"><div class=\"forminator-field\"><label for=\"forminator-field-upload-1_69e01464c50a3\" id=\"forminator-field-upload-1_69e01464c50a3-label\" class=\"forminator-label\">Upload File<\/label><div class=\"forminator-file-upload\" data-element=\"upload-1_69e01464c50a3\"><input type=\"file\" name=\"upload-1\" id=\"forminator-field-upload-1_69e01464c50a3\" class=\"forminator-input-file\" accept=\".jpg,.jpeg,.jpe,.gif,.png,.bmp,.tiff,.tif,.webp,.avif,.ico,.heic,.asf,.asx,.wmv,.wmx,.wm,.avi,.divx,.flv,.mov,.qt,.mpeg,.mpg,.mpe,.mp4,.m4v,.ogv,.webm,.mkv,.3gp,.3gpp,.3g2,.3gp2,.txt,.asc,.c,.cc,.h,.srt,.csv,.tsv,.ics,.rtx,.css,.htm,.html,.vtt,.dfxp,.mp3,.m4a,.m4b,.aac,.ra,.ram,.wav,.ogg,.oga,.flac,.mid,.midi,.wma,.wax,.mka,.rtf,.js,.pdf,.class,.tar,.zip,.gz,.gzip,.rar,.7z,.psd,.xcf,.doc,.pot,.pps,.ppt,.wri,.xla,.xls,.xlt,.xlw,.mdb,.mpp,.docx,.docm,.dotx,.dotm,.xlsx,.xlsm,.xlsb,.xltx,.xltm,.xlam,.pptx,.pptm,.ppsx,.ppsm,.potx,.potm,.ppam,.sldx,.sldm,.onetoc,.onetoc2,.onetmp,.onepkg,.oxps,.xps,.odt,.odp,.ods,.odg,.odc,.odb,.odf,.wp,.wpd,.key,.numbers,.pages\"><button id=\"forminator-field-upload-1_69e01464c50a3_button\" class=\"forminator-button forminator-button-upload\" data-id=\"forminator-field-upload-1_69e01464c50a3\">Choose File<\/button><span data-empty-text=\"No file chosen\">No file chosen<\/span><button class=\"forminator-button-delete\" style=\"display: none;\"><i class=\"forminator-icon-close\" aria-hidden=\"true\"><\/i><span class=\"forminator-screen-reader-only\">Delete uploaded file<\/span><\/button><\/div><\/div><\/div><\/div><div class=\"forminator-row\"><div id=\"captcha-1\" class=\"forminator-field-captcha forminator-col forminator-col-12\"><div class=\"forminator-captcha-left forminator-g-recaptcha recaptcha-invisible\" data-theme=\"light\" data-badge=\"inline\" data-sitekey=\"6LdJPUssAAAAABttObsG1EgBIrd4JvFMzjiH96JC\" data-size=\"invisible\"><\/div> <\/div><\/div><input type=\"hidden\" name=\"referer_url\" value=\"\" \/><div class=\"forminator-row forminator-row-last\"><div class=\"forminator-col\"><div class=\"forminator-field\"><button class=\"forminator-button forminator-button-submit\">Complete The Application<\/button><\/div><\/div><\/div><input type=\"hidden\" id=\"forminator_nonce\" name=\"forminator_nonce\" value=\"94da3a9429\" \/><input type=\"hidden\" name=\"_wp_http_referer\" value=\"\/en\/wp-json\/wp\/v2\/pages\/22951\" \/><input type=\"hidden\" name=\"form_id\" value=\"23222\"><input type=\"hidden\" name=\"page_id\" value=\"22951\"><input type=\"hidden\" name=\"form_type\" value=\"default\"><input type=\"hidden\" name=\"current_url\" value=\"https:\/\/www.armasan.com\/en\/insan-kaynaklari\/\"><input type=\"hidden\" name=\"render_id\" value=\"0\"><input type=\"hidden\" name=\"action\" value=\"forminator_submit_form_custom-forms\"><input type=\"hidden\" name=\"trp-form-language\" value=\"en\"\/><\/form><\/div>\n\t\t\t\t<\/div>\n\t\t\t\t<\/div>\n\t\t\t\t\t<\/div>\n\t\t<\/div>\n\t\t\t\t\t<\/div>\n\t\t<\/section>\n\t\t\t\t<\/div>","protected":false},"excerpt":{"rendered":"<p>\u0130nsan Kaynaklar\u0131 De\u011ferlerimiz &amp; K\u00fclt\u00fcr\u00fcm\u00fcz Armasan Ambalaj\u2019da, ba\u015far\u0131ya giden yolun g\u00fc\u00e7l\u00fc bir tak\u0131m ruhu ve etkili i\u015fbirli\u011finden ge\u00e7ti\u011fine inan\u0131yoruz. 1989&#8217;dan beri ambalaj sekt\u00f6r\u00fcnde \u00f6nc\u00fc konumumuzu s\u00fcrd\u00fcr\u00fcyoruz ve bu ba\u015far\u0131n\u0131n ard\u0131nda, en de\u011ferli varl\u0131\u011f\u0131m\u0131z olan \u00e7al\u0131\u015fanlar\u0131m\u0131z yat\u0131yor. \u0130nsan Kaynaklar\u0131 ekibimiz, sadece yetenekli bireyleri aram\u0131yor; ayn\u0131 zamanda bu bireylerin potansiyellerini en \u00fcst d\u00fczeye \u00e7\u0131karacak bir \u00e7al\u0131\u015fma ortam\u0131<\/p>","protected":false},"author":1,"featured_media":0,"parent":0,"menu_order":0,"comment_status":"closed","ping_status":"closed","template":"","meta":{"footnotes":""},"class_list":["post-22951","page","type-page","status-publish","hentry"],"_links":{"self":[{"href":"https:\/\/www.armasan.com\/en\/wp-json\/wp\/v2\/pages\/22951","targetHints":{"allow":["GET"]}}],"collection":[{"href":"https:\/\/www.armasan.com\/en\/wp-json\/wp\/v2\/pages"}],"about":[{"href":"https:\/\/www.armasan.com\/en\/wp-json\/wp\/v2\/types\/page"}],"author":[{"embeddable":true,"href":"https:\/\/www.armasan.com\/en\/wp-json\/wp\/v2\/users\/1"}],"replies":[{"embeddable":true,"href":"https:\/\/www.armasan.com\/en\/wp-json\/wp\/v2\/comments?post=22951"}],"version-history":[{"count":31,"href":"https:\/\/www.armasan.com\/en\/wp-json\/wp\/v2\/pages\/22951\/revisions"}],"predecessor-version":[{"id":23862,"href":"https:\/\/www.armasan.com\/en\/wp-json\/wp\/v2\/pages\/22951\/revisions\/23862"}],"wp:attachment":[{"href":"https:\/\/www.armasan.com\/en\/wp-json\/wp\/v2\/media?parent=22951"}],"curies":[{"name":"wp","href":"https:\/\/api.w.org\/{rel}","templated":true}]}}