{"id":22969,"date":"2024-09-03T20:19:56","date_gmt":"2024-09-03T20:19:56","guid":{"rendered":"https:\/\/www.armasan.fabordigital.com\/?page_id=22969"},"modified":"2026-01-16T11:01:38","modified_gmt":"2026-01-16T11:01:38","slug":"kalite-sertifikalarimiz","status":"publish","type":"page","link":"https:\/\/www.armasan.com\/en\/kalite-sertifikalarimiz\/","title":{"rendered":"Our Certificates"},"content":{"rendered":"<div data-elementor-type=\"wp-page\" data-elementor-id=\"22969\" class=\"elementor elementor-22969\">\n\t\t\t\t\t\t<section class=\"elementor-section elementor-top-section elementor-element elementor-element-2e8d4d4 elementor-section-stretched elementor-section-boxed elementor-section-height-default elementor-section-height-default\" data-id=\"2e8d4d4\" data-element_type=\"section\" data-settings=\"{&quot;stretch_section&quot;:&quot;section-stretched&quot;,&quot;background_background&quot;:&quot;classic&quot;}\">\n\t\t\t\t\t\t<div class=\"elementor-container elementor-column-gap-default\">\n\t\t\t\t\t<div class=\"elementor-column elementor-col-33 elementor-top-column elementor-element elementor-element-b492955\" data-id=\"b492955\" data-element_type=\"column\">\n\t\t\t<div class=\"elementor-widget-wrap\">\n\t\t\t\t\t\t\t<\/div>\n\t\t<\/div>\n\t\t\t\t<div class=\"elementor-column elementor-col-33 elementor-top-column elementor-element elementor-element-b138bc0 elementor-invisible\" data-id=\"b138bc0\" data-element_type=\"column\" data-settings=\"{&quot;animation&quot;:&quot;fadeInUp&quot;}\">\n\t\t\t<div class=\"elementor-widget-wrap elementor-element-populated\">\n\t\t\t\t\t\t<div class=\"elementor-element elementor-element-1bf42ea cea-align-center elementor-widget elementor-widget-ceasectiontitle\" data-id=\"1bf42ea\" data-element_type=\"widget\" data-widget_type=\"ceasectiontitle.default\">\n\t\t\t\t<div class=\"elementor-widget-container\">\n\t\t\t<div class=\"section-title-wrapper\"><div class=\"title-wrap\"><h6 class=\"sub-title\">Quality Certified Production Technology<\/h6><h2 class=\"section-title\">Our Certificates<\/h2><\/div><!-- .title-wrap --><div class=\"section-description\"><\/div><!-- .section-description --><\/div><!-- .section-title-wrapper -->\t\t<\/div>\n\t\t\t\t<\/div>\n\t\t\t\t\t<\/div>\n\t\t<\/div>\n\t\t\t\t<div class=\"elementor-column elementor-col-33 elementor-top-column elementor-element elementor-element-d382e7a\" data-id=\"d382e7a\" data-element_type=\"column\">\n\t\t\t<div class=\"elementor-widget-wrap\">\n\t\t\t\t\t\t\t<\/div>\n\t\t<\/div>\n\t\t\t\t\t<\/div>\n\t\t<\/section>\n\t\t\t\t<section class=\"elementor-section elementor-top-section elementor-element elementor-element-7b634cf elementor-section-content-middle elementor-section-stretched elementor-section-boxed elementor-section-height-default elementor-section-height-default\" data-id=\"7b634cf\" data-element_type=\"section\" data-settings=\"{&quot;stretch_section&quot;:&quot;section-stretched&quot;,&quot;background_background&quot;:&quot;classic&quot;}\">\n\t\t\t\t\t\t<div class=\"elementor-container elementor-column-gap-default\">\n\t\t\t\t\t<div class=\"elementor-column elementor-col-100 elementor-top-column elementor-element elementor-element-a7756e7 elementor-invisible\" data-id=\"a7756e7\" data-element_type=\"column\" data-settings=\"{&quot;animation&quot;:&quot;fadeInRight&quot;}\">\n\t\t\t<div class=\"elementor-widget-wrap elementor-element-populated\">\n\t\t\t\t\t\t<section class=\"elementor-section elementor-inner-section elementor-element elementor-element-b818cac elementor-section-boxed elementor-section-height-default elementor-section-height-default\" data-id=\"b818cac\" data-element_type=\"section\">\n\t\t\t\t\t\t<div class=\"elementor-container elementor-column-gap-extended\">\n\t\t\t\t\t<div class=\"elementor-column elementor-col-100 elementor-inner-column elementor-element elementor-element-5618ea7\" data-id=\"5618ea7\" data-element_type=\"column\">\n\t\t\t<div class=\"elementor-widget-wrap elementor-element-populated\">\n\t\t\t\t\t\t<div class=\"elementor-element elementor-element-0b7cd75 elementor-widget elementor-widget-image-gallery\" data-id=\"0b7cd75\" data-element_type=\"widget\" data-widget_type=\"image-gallery.default\">\n\t\t\t\t<div class=\"elementor-widget-container\">\n\t\t\t<style>\/*! elementor - v3.23.0 - 25-07-2024 *\/\n.elementor-image-gallery .gallery-item{display:inline-block;text-align:center;vertical-align:top;width:100%;max-width:100%;margin:0 auto}.elementor-image-gallery .gallery-item img{margin:0 auto}.elementor-image-gallery .gallery-item .gallery-caption{margin:0}.elementor-image-gallery figure img{display:block}.elementor-image-gallery figure figcaption{width:100%}.gallery-spacing-custom .elementor-image-gallery .gallery-icon{padding:0}@media (min-width:768px){.elementor-image-gallery .gallery-columns-2 .gallery-item{max-width:50%}.elementor-image-gallery .gallery-columns-3 .gallery-item{max-width:33.33%}.elementor-image-gallery .gallery-columns-4 .gallery-item{max-width:25%}.elementor-image-gallery .gallery-columns-5 .gallery-item{max-width:20%}.elementor-image-gallery .gallery-columns-6 .gallery-item{max-width:16.666%}.elementor-image-gallery .gallery-columns-7 .gallery-item{max-width:14.28%}.elementor-image-gallery .gallery-columns-8 .gallery-item{max-width:12.5%}.elementor-image-gallery .gallery-columns-9 .gallery-item{max-width:11.11%}.elementor-image-gallery .gallery-columns-10 .gallery-item{max-width:10%}}@media (min-width:480px) and (max-width:767px){.elementor-image-gallery .gallery.gallery-columns-2 .gallery-item,.elementor-image-gallery .gallery.gallery-columns-3 .gallery-item,.elementor-image-gallery .gallery.gallery-columns-4 .gallery-item,.elementor-image-gallery .gallery.gallery-columns-5 .gallery-item,.elementor-image-gallery .gallery.gallery-columns-6 .gallery-item,.elementor-image-gallery .gallery.gallery-columns-7 .gallery-item,.elementor-image-gallery .gallery.gallery-columns-8 .gallery-item,.elementor-image-gallery .gallery.gallery-columns-9 .gallery-item,.elementor-image-gallery .gallery.gallery-columns-10 .gallery-item{max-width:50%}}@media (max-width:479px){.elementor-image-gallery .gallery.gallery-columns-2 .gallery-item,.elementor-image-gallery .gallery.gallery-columns-3 .gallery-item,.elementor-image-gallery .gallery.gallery-columns-4 .gallery-item,.elementor-image-gallery .gallery.gallery-columns-5 .gallery-item,.elementor-image-gallery .gallery.gallery-columns-6 .gallery-item,.elementor-image-gallery .gallery.gallery-columns-7 .gallery-item,.elementor-image-gallery .gallery.gallery-columns-8 .gallery-item,.elementor-image-gallery .gallery.gallery-columns-9 .gallery-item,.elementor-image-gallery .gallery.gallery-columns-10 .gallery-item{max-width:100%}}<\/style>\t\t<div class=\"elementor-image-gallery\">\n\t\t\t<div id='gallery-1' class='gallery galleryid-22969 gallery-columns-3 gallery-size-full'><figure class='gallery-item'>\n\t\t\t<div class='gallery-icon portrait'>\n\t\t\t\t<a data-elementor-open-lightbox=\"yes\" data-elementor-lightbox-slideshow=\"0b7cd75\" data-elementor-lightbox-title=\"1yeni\" data-e-action-hash=\"#elementor-action%3Aaction%3Dlightbox%26settings%3DeyJpZCI6MjMzODYsInVybCI6Imh0dHBzOlwvXC93d3cuYXJtYXNhbi5jb21cL3dwLWNvbnRlbnRcL3VwbG9hZHNcLzIwMjVcLzEwXC8xeWVuaS5wbmciLCJzbGlkZXNob3ciOiIwYjdjZDc1In0%3D\" href='https:\/\/www.armasan.com\/wp-content\/uploads\/2025\/10\/1yeni.png'><img fetchpriority=\"high\" decoding=\"async\" width=\"745\" height=\"1024\" src=\"https:\/\/www.armasan.com\/wp-content\/uploads\/2025\/10\/1yeni.png\" class=\"attachment-full size-full\" alt=\"\" aria-describedby=\"gallery-1-23386\" \/><\/a>\n\t\t\t<\/div>\n\t\t\t\t<figcaption class='wp-caption-text gallery-caption' id='gallery-1-23386'>\n\t\t\t\t1\n\t\t\t\t<\/figcaption><\/figure><figure class='gallery-item'>\n\t\t\t<div class='gallery-icon portrait'>\n\t\t\t\t<a data-elementor-open-lightbox=\"yes\" data-elementor-lightbox-slideshow=\"0b7cd75\" data-elementor-lightbox-title=\"belge-1-745x1024\" data-e-action-hash=\"#elementor-action%3Aaction%3Dlightbox%26settings%3DeyJpZCI6MjI5NzIsInVybCI6Imh0dHBzOlwvXC93d3cuYXJtYXNhbi5jb21cL3dwLWNvbnRlbnRcL3VwbG9hZHNcLzIwMjRcLzA5XC9iZWxnZS0xLTc0NXgxMDI0LTEuanBnIiwic2xpZGVzaG93IjoiMGI3Y2Q3NSJ9\" href='https:\/\/www.armasan.com\/wp-content\/uploads\/2024\/09\/belge-1-745x1024-1.jpg'><img decoding=\"async\" width=\"745\" height=\"1024\" src=\"https:\/\/www.armasan.com\/wp-content\/uploads\/2024\/09\/belge-1-745x1024-1.jpg\" class=\"attachment-full size-full\" alt=\"\" \/><\/a>\n\t\t\t<\/div><\/figure><figure class='gallery-item'>\n\t\t\t<div class='gallery-icon portrait'>\n\t\t\t\t<a data-elementor-open-lightbox=\"yes\" data-elementor-lightbox-slideshow=\"0b7cd75\" data-elementor-lightbox-title=\"2yeni\" data-e-action-hash=\"#elementor-action%3Aaction%3Dlightbox%26settings%3DeyJpZCI6MjMzODcsInVybCI6Imh0dHBzOlwvXC93d3cuYXJtYXNhbi5jb21cL3dwLWNvbnRlbnRcL3VwbG9hZHNcLzIwMjVcLzEwXC8yeWVuaS5wbmciLCJzbGlkZXNob3ciOiIwYjdjZDc1In0%3D\" href='https:\/\/www.armasan.com\/wp-content\/uploads\/2025\/10\/2yeni.png'><img decoding=\"async\" width=\"745\" height=\"1024\" src=\"https:\/\/www.armasan.com\/wp-content\/uploads\/2025\/10\/2yeni.png\" class=\"attachment-full size-full\" alt=\"\" \/><\/a>\n\t\t\t<\/div><\/figure><figure class='gallery-item'>\n\t\t\t<div class='gallery-icon portrait'>\n\t\t\t\t<a data-elementor-open-lightbox=\"yes\" data-elementor-lightbox-slideshow=\"0b7cd75\" data-elementor-lightbox-title=\"3yeni\" data-e-action-hash=\"#elementor-action%3Aaction%3Dlightbox%26settings%3DeyJpZCI6MjMzODgsInVybCI6Imh0dHBzOlwvXC93d3cuYXJtYXNhbi5jb21cL3dwLWNvbnRlbnRcL3VwbG9hZHNcLzIwMjVcLzEwXC8zeWVuaS5wbmciLCJzbGlkZXNob3ciOiIwYjdjZDc1In0%3D\" href='https:\/\/www.armasan.com\/wp-content\/uploads\/2025\/10\/3yeni.png'><img loading=\"lazy\" decoding=\"async\" width=\"745\" height=\"1024\" src=\"https:\/\/www.armasan.com\/wp-content\/uploads\/2025\/10\/3yeni.png\" class=\"attachment-full size-full\" alt=\"\" \/><\/a>\n\t\t\t<\/div><\/figure><figure class='gallery-item'>\n\t\t\t<div class='gallery-icon portrait'>\n\t\t\t\t<a data-elementor-open-lightbox=\"yes\" data-elementor-lightbox-slideshow=\"0b7cd75\" data-elementor-lightbox-title=\"4yeni\" data-e-action-hash=\"#elementor-action%3Aaction%3Dlightbox%26settings%3DeyJpZCI6MjMzODksInVybCI6Imh0dHBzOlwvXC93d3cuYXJtYXNhbi5jb21cL3dwLWNvbnRlbnRcL3VwbG9hZHNcLzIwMjVcLzEwXC80eWVuaS5wbmciLCJzbGlkZXNob3ciOiIwYjdjZDc1In0%3D\" href='https:\/\/www.armasan.com\/wp-content\/uploads\/2025\/10\/4yeni.png'><img loading=\"lazy\" decoding=\"async\" width=\"745\" height=\"1024\" src=\"https:\/\/www.armasan.com\/wp-content\/uploads\/2025\/10\/4yeni.png\" class=\"attachment-full size-full\" alt=\"\" \/><\/a>\n\t\t\t<\/div><\/figure><figure class='gallery-item'>\n\t\t\t<div class='gallery-icon portrait'>\n\t\t\t\t<a data-elementor-open-lightbox=\"yes\" data-elementor-lightbox-slideshow=\"0b7cd75\" data-elementor-lightbox-title=\"5yeni\" data-e-action-hash=\"#elementor-action%3Aaction%3Dlightbox%26settings%3DeyJpZCI6MjMzOTAsInVybCI6Imh0dHBzOlwvXC93d3cuYXJtYXNhbi5jb21cL3dwLWNvbnRlbnRcL3VwbG9hZHNcLzIwMjVcLzEwXC81eWVuaS5wbmciLCJzbGlkZXNob3ciOiIwYjdjZDc1In0%3D\" href='https:\/\/www.armasan.com\/wp-content\/uploads\/2025\/10\/5yeni.png'><img loading=\"lazy\" decoding=\"async\" width=\"745\" height=\"1024\" src=\"https:\/\/www.armasan.com\/wp-content\/uploads\/2025\/10\/5yeni.png\" class=\"attachment-full size-full\" alt=\"\" \/><\/a>\n\t\t\t<\/div><\/figure><figure class='gallery-item'>\n\t\t\t<div class='gallery-icon portrait'>\n\t\t\t\t<a data-elementor-open-lightbox=\"yes\" data-elementor-lightbox-slideshow=\"0b7cd75\" data-elementor-lightbox-title=\"6yeni\" data-e-action-hash=\"#elementor-action%3Aaction%3Dlightbox%26settings%3DeyJpZCI6MjMzOTEsInVybCI6Imh0dHBzOlwvXC93d3cuYXJtYXNhbi5jb21cL3dwLWNvbnRlbnRcL3VwbG9hZHNcLzIwMjVcLzEwXC82eWVuaS5wbmciLCJzbGlkZXNob3ciOiIwYjdjZDc1In0%3D\" href='https:\/\/www.armasan.com\/wp-content\/uploads\/2025\/10\/6yeni.png'><img loading=\"lazy\" decoding=\"async\" width=\"745\" height=\"1024\" src=\"https:\/\/www.armasan.com\/wp-content\/uploads\/2025\/10\/6yeni.png\" class=\"attachment-full size-full\" alt=\"\" \/><\/a>\n\t\t\t<\/div><\/figure><figure class='gallery-item'>\n\t\t\t<div class='gallery-icon portrait'>\n\t\t\t\t<a data-elementor-open-lightbox=\"yes\" data-elementor-lightbox-slideshow=\"0b7cd75\" data-elementor-lightbox-title=\"sertifika\" data-e-action-hash=\"#elementor-action%3Aaction%3Dlightbox%26settings%3DeyJpZCI6MjM2MDksInVybCI6Imh0dHBzOlwvXC93d3cuYXJtYXNhbi5jb21cL3dwLWNvbnRlbnRcL3VwbG9hZHNcLzIwMjZcLzAxXC9zZXJ0aWZpa2Etc2NhbGVkLmpwZyIsInNsaWRlc2hvdyI6IjBiN2NkNzUifQ%3D%3D\" href='https:\/\/www.armasan.com\/wp-content\/uploads\/2026\/01\/sertifika-scaled.jpg'><img loading=\"lazy\" decoding=\"async\" width=\"1861\" height=\"2560\" src=\"https:\/\/www.armasan.com\/wp-content\/uploads\/2026\/01\/sertifika-scaled.jpg\" class=\"attachment-full size-full\" alt=\"\" srcset=\"https:\/\/www.armasan.com\/wp-content\/uploads\/2026\/01\/sertifika-scaled.jpg 1861w, https:\/\/www.armasan.com\/wp-content\/uploads\/2026\/01\/sertifika-768x1056.jpg 768w, https:\/\/www.armasan.com\/wp-content\/uploads\/2026\/01\/sertifika-1117x1536.jpg 1117w, https:\/\/www.armasan.com\/wp-content\/uploads\/2026\/01\/sertifika-1489x2048.jpg 1489w\" sizes=\"(max-width: 1861px) 100vw, 1861px\" \/><\/a>\n\t\t\t<\/div><\/figure><figure class='gallery-item'>\n\t\t\t<div class='gallery-icon landscape'>\n\t\t\t\t<a data-elementor-open-lightbox=\"yes\" data-elementor-lightbox-slideshow=\"0b7cd75\" data-elementor-lightbox-title=\"SIFIRATIK2025_page-0001\" data-e-action-hash=\"#elementor-action%3Aaction%3Dlightbox%26settings%3DeyJpZCI6MjMzMjEsInVybCI6Imh0dHBzOlwvXC93d3cuYXJtYXNhbi5jb21cL3dwLWNvbnRlbnRcL3VwbG9hZHNcLzIwMjVcLzA5XC9TSUZJUkFUSUsyMDI1X3BhZ2UtMDAwMS5qcGciLCJzbGlkZXNob3ciOiIwYjdjZDc1In0%3D\" href='https:\/\/www.armasan.com\/wp-content\/uploads\/2025\/09\/SIFIRATIK2025_page-0001.jpg'><img loading=\"lazy\" decoding=\"async\" width=\"1755\" height=\"1240\" src=\"https:\/\/www.armasan.com\/wp-content\/uploads\/2025\/09\/SIFIRATIK2025_page-0001.jpg\" class=\"attachment-full size-full\" alt=\"\" srcset=\"https:\/\/www.armasan.com\/wp-content\/uploads\/2025\/09\/SIFIRATIK2025_page-0001.jpg 1755w, https:\/\/www.armasan.com\/wp-content\/uploads\/2025\/09\/SIFIRATIK2025_page-0001-768x543.jpg 768w, https:\/\/www.armasan.com\/wp-content\/uploads\/2025\/09\/SIFIRATIK2025_page-0001-1536x1085.jpg 1536w\" sizes=\"(max-width: 1755px) 100vw, 1755px\" \/><\/a>\n\t\t\t<\/div><\/figure>\n\t\t<\/div>\n\t\t<\/div>\n\t\t\t\t<\/div>\n\t\t\t\t<\/div>\n\t\t\t\t\t<\/div>\n\t\t<\/div>\n\t\t\t\t\t<\/div>\n\t\t<\/section>\n\t\t\t\t\t<\/div>\n\t\t<\/div>\n\t\t\t\t\t<\/div>\n\t\t<\/section>\n\t\t\t\t<\/div>","protected":false},"excerpt":{"rendered":"<p>Kalite Sertifikal\u0131 \u00dcretim Teknolojisi Kalite Sertifikalar\u0131m\u0131z<\/p>","protected":false},"author":1,"featured_media":0,"parent":0,"menu_order":0,"comment_status":"closed","ping_status":"closed","template":"","meta":{"footnotes":""},"class_list":["post-22969","page","type-page","status-publish","hentry"],"_links":{"self":[{"href":"https:\/\/www.armasan.com\/en\/wp-json\/wp\/v2\/pages\/22969","targetHints":{"allow":["GET"]}}],"collection":[{"href":"https:\/\/www.armasan.com\/en\/wp-json\/wp\/v2\/pages"}],"about":[{"href":"https:\/\/www.armasan.com\/en\/wp-json\/wp\/v2\/types\/page"}],"author":[{"embeddable":true,"href":"https:\/\/www.armasan.com\/en\/wp-json\/wp\/v2\/users\/1"}],"replies":[{"embeddable":true,"href":"https:\/\/www.armasan.com\/en\/wp-json\/wp\/v2\/comments?post=22969"}],"version-history":[{"count":40,"href":"https:\/\/www.armasan.com\/en\/wp-json\/wp\/v2\/pages\/22969\/revisions"}],"predecessor-version":[{"id":23743,"href":"https:\/\/www.armasan.com\/en\/wp-json\/wp\/v2\/pages\/22969\/revisions\/23743"}],"wp:attachment":[{"href":"https:\/\/www.armasan.com\/en\/wp-json\/wp\/v2\/media?parent=22969"}],"curies":[{"name":"wp","href":"https:\/\/api.w.org\/{rel}","templated":true}]}}