{"id":23154,"date":"2024-09-04T05:02:05","date_gmt":"2024-09-04T05:02:05","guid":{"rendered":"https:\/\/www.armasan.fabordigital.com\/?page_id=23154"},"modified":"2026-01-16T10:16:50","modified_gmt":"2026-01-16T10:16:50","slug":"cerez-politikasi","status":"publish","type":"page","link":"https:\/\/www.armasan.com\/en\/cerez-politikasi\/","title":{"rendered":"Cookie Policy"},"content":{"rendered":"<div data-elementor-type=\"wp-page\" data-elementor-id=\"23154\" class=\"elementor elementor-23154\">\n\t\t\t\t\t\t<section class=\"elementor-section elementor-top-section elementor-element elementor-element-90bf49a elementor-section-boxed elementor-section-height-default elementor-section-height-default\" data-id=\"90bf49a\" data-element_type=\"section\">\n\t\t\t\t\t\t<div class=\"elementor-container elementor-column-gap-default\">\n\t\t\t\t\t<div class=\"elementor-column elementor-col-100 elementor-top-column elementor-element elementor-element-5242e6d\" data-id=\"5242e6d\" data-element_type=\"column\">\n\t\t\t<div class=\"elementor-widget-wrap elementor-element-populated\">\n\t\t\t\t\t\t<section class=\"elementor-section elementor-inner-section elementor-element elementor-element-c7746c0 elementor-section-boxed elementor-section-height-default elementor-section-height-default\" data-id=\"c7746c0\" data-element_type=\"section\">\n\t\t\t\t\t\t<div class=\"elementor-container elementor-column-gap-default\">\n\t\t\t\t\t<div class=\"elementor-column elementor-col-33 elementor-inner-column elementor-element elementor-element-0414e92\" data-id=\"0414e92\" data-element_type=\"column\">\n\t\t\t<div class=\"elementor-widget-wrap\">\n\t\t\t\t\t\t\t<\/div>\n\t\t<\/div>\n\t\t\t\t<div class=\"elementor-column elementor-col-33 elementor-inner-column elementor-element elementor-element-bc9c14f elementor-invisible\" data-id=\"bc9c14f\" data-element_type=\"column\" data-settings=\"{&quot;animation&quot;:&quot;fadeInUp&quot;}\">\n\t\t\t<div class=\"elementor-widget-wrap elementor-element-populated\">\n\t\t\t\t\t\t<div class=\"elementor-element elementor-element-6bf597a cea-align-center elementor-widget elementor-widget-ceasectiontitle\" data-id=\"6bf597a\" data-element_type=\"widget\" data-widget_type=\"ceasectiontitle.default\">\n\t\t\t\t<div class=\"elementor-widget-container\">\n\t\t\t<div class=\"section-title-wrapper\"><div class=\"title-wrap\"><h6 class=\"sub-title\">Armasan Packaging<\/h6><h2 class=\"section-title\">Cookie Policy<\/h2><\/div><!-- .title-wrap --><div class=\"section-description\"><\/div><!-- .section-description --><\/div><!-- .section-title-wrapper -->\t\t<\/div>\n\t\t\t\t<\/div>\n\t\t\t\t\t<\/div>\n\t\t<\/div>\n\t\t\t\t<div class=\"elementor-column elementor-col-33 elementor-inner-column elementor-element elementor-element-0c25a1b\" data-id=\"0c25a1b\" data-element_type=\"column\">\n\t\t\t<div class=\"elementor-widget-wrap\">\n\t\t\t\t\t\t\t<\/div>\n\t\t<\/div>\n\t\t\t\t\t<\/div>\n\t\t<\/section>\n\t\t\t\t\t<\/div>\n\t\t<\/div>\n\t\t\t\t\t<\/div>\n\t\t<\/section>\n\t\t<div class=\"elementor-element elementor-element-cb56a7a e-flex e-con-boxed e-con e-parent\" data-id=\"cb56a7a\" data-element_type=\"container\">\n\t\t\t\t\t<div class=\"e-con-inner\">\n\t\t\t\t<div class=\"elementor-element elementor-element-c464a1a elementor-widget elementor-widget-text-editor\" data-id=\"c464a1a\" data-element_type=\"widget\" data-widget_type=\"text-editor.default\">\n\t\t\t\t<div class=\"elementor-widget-container\">\n\t\t\t<style>\/*! elementor - v3.23.0 - 25-07-2024 *\/\n.elementor-widget-text-editor.elementor-drop-cap-view-stacked .elementor-drop-cap{background-color:#69727d;color:#fff}.elementor-widget-text-editor.elementor-drop-cap-view-framed .elementor-drop-cap{color:#69727d;border:3px solid;background-color:transparent}.elementor-widget-text-editor:not(.elementor-drop-cap-view-default) .elementor-drop-cap{margin-top:8px}.elementor-widget-text-editor:not(.elementor-drop-cap-view-default) .elementor-drop-cap-letter{width:1em;height:1em}.elementor-widget-text-editor .elementor-drop-cap{float:left;text-align:center;line-height:1;font-size:50px}.elementor-widget-text-editor .elementor-drop-cap-letter{display:inline-block}<\/style>\t\t\t\t<p>\u0130nternet sitemizden en verimli \u015fekilde faydalanabilmeniz ve kullan\u0131c\u0131 deneyiminizi geli\u015ftirebilmek i\u00e7in \u00e7erez kullan\u0131yoruz. \u00c7erez kullan\u0131lmas\u0131n\u0131 tercih etmezseniz taray\u0131c\u0131n\u0131z\u0131n ayarlar\u0131ndan \u00e7erezleri silebilir ya da engelleyebilirsiniz. Ancak bunun internet sitemizi kullan\u0131m\u0131n\u0131z\u0131 etkileyebilece\u011fini hat\u0131rlatmak isteriz.<\/p><p><strong>\u00c7erez nedir ve neden kullan\u0131lmaktad\u0131r?<\/strong><\/p><p>\u00c7erezler, ziyaret etti\u011finiz internet siteleri taraf\u0131ndan taray\u0131c\u0131lar arac\u0131l\u0131\u011f\u0131yla cihaz\u0131n\u0131za veya a\u011f sunucusuna depolanan k\u00fc\u00e7\u00fck metin dosyalar\u0131d\u0131r. \u0130nternet Sitemizde \u00e7erez kullan\u0131lmas\u0131n\u0131n ba\u015fl\u0131ca ama\u00e7lar\u0131 a\u015fa\u011f\u0131da s\u0131ralanmaktad\u0131r:<\/p><p>&#8211; \u0130nternet sitesinin i\u015flevselli\u011fini ve performans\u0131n\u0131 artt\u0131rmak yoluyla sizlere sunulan hizmetleri geli\u015ftirmek,<\/p><p>&#8211; \u0130nternet Sitesini iyile\u015ftirmek ve \u0130nternet Sitesi \u00fczerinden yeni \u00f6zellikler sunmak ve sunulan \u00f6zellikleri sizlerin tercihlerine g\u00f6re ki\u015fiselle\u015ftirmek;<\/p><p>&#8211; \u0130nternet Sitesinin, sizin ve \u015eirketimizin hukuki ve ticari g\u00fcvenli\u011finin teminini sa\u011flamak.<\/p><p><strong>\u00c7erezlerinizden elde edilen ki\u015fisel veriler \u00fc\u00e7\u00fcnc\u00fc ki\u015filere aktar\u0131lmakta m\u0131d\u0131r?<\/strong><\/p><p>\u00c7erezlerin yaln\u0131zca internet sitemizi kullan\u0131rken elde edebilece\u011finiz verimi art\u0131rabilmek amac\u0131yla i\u015flenmektedir.<\/p><p><strong>\u00c7erezleriniz hangi hukuki sebeple i\u015flenmektedir?<\/strong><\/p><p>\u00c7erezleriniz Ki\u015fisel Verilerin Korunmas\u0131 Kanunu\u2019nun m. 5\/1 h\u00fckm\u00fc uyar\u0131nca a\u00e7\u0131k r\u0131zan\u0131z\u0131n al\u0131nmas\u0131 hukuki sebebiyle i\u015flenmektedir.<\/p><p><strong>\u00c7erezlerinize \u0130li\u015fkin Haklar\u0131n\u0131z Nelerdir?<\/strong><\/p><p>\u00c7erezlerinize ili\u015fkin talepleriniz ve haklar\u0131n\u0131z Ki\u015fisel Verilerin Korunmas\u0131 Kanunu\u2019nun \u201cilgili ki\u015finin haklar\u0131n\u0131 d\u00fczenleyen\u201d 11. maddesinden kaynaklanmakta olup bu madde kapsam\u0131ndaki taleplerinizi Veri Sorumlusuna Ba\u015fvuru Usul ve Esaslar\u0131 Hakk\u0131nda Tebli\u011f uyar\u0131nca Armasan Ambalaj Anonim \u015eirketi \u2019ne iletebilirsiniz.<\/p>\t\t\t\t\t\t<\/div>\n\t\t\t\t<\/div>\n\t\t\t\t\t<\/div>\n\t\t\t\t<\/div>\n\t\t\t\t<\/div>","protected":false},"excerpt":{"rendered":"<p>Armasan Ambalaj \u00c7erez Politikas\u0131 \u0130nternet sitemizden en verimli \u015fekilde faydalanabilmeniz ve kullan\u0131c\u0131 deneyiminizi geli\u015ftirebilmek i\u00e7in \u00e7erez kullan\u0131yoruz. \u00c7erez kullan\u0131lmas\u0131n\u0131 tercih etmezseniz taray\u0131c\u0131n\u0131z\u0131n ayarlar\u0131ndan \u00e7erezleri silebilir ya da engelleyebilirsiniz. Ancak bunun internet sitemizi kullan\u0131m\u0131n\u0131z\u0131 etkileyebilece\u011fini hat\u0131rlatmak isteriz. \u00c7erez nedir ve neden kullan\u0131lmaktad\u0131r? \u00c7erezler, ziyaret etti\u011finiz internet siteleri taraf\u0131ndan taray\u0131c\u0131lar arac\u0131l\u0131\u011f\u0131yla cihaz\u0131n\u0131za veya a\u011f sunucusuna depolanan k\u00fc\u00e7\u00fck<\/p>","protected":false},"author":1,"featured_media":0,"parent":0,"menu_order":0,"comment_status":"closed","ping_status":"closed","template":"","meta":{"footnotes":""},"class_list":["post-23154","page","type-page","status-publish","hentry"],"_links":{"self":[{"href":"https:\/\/www.armasan.com\/en\/wp-json\/wp\/v2\/pages\/23154","targetHints":{"allow":["GET"]}}],"collection":[{"href":"https:\/\/www.armasan.com\/en\/wp-json\/wp\/v2\/pages"}],"about":[{"href":"https:\/\/www.armasan.com\/en\/wp-json\/wp\/v2\/types\/page"}],"author":[{"embeddable":true,"href":"https:\/\/www.armasan.com\/en\/wp-json\/wp\/v2\/users\/1"}],"replies":[{"embeddable":true,"href":"https:\/\/www.armasan.com\/en\/wp-json\/wp\/v2\/comments?post=23154"}],"version-history":[{"count":7,"href":"https:\/\/www.armasan.com\/en\/wp-json\/wp\/v2\/pages\/23154\/revisions"}],"predecessor-version":[{"id":23732,"href":"https:\/\/www.armasan.com\/en\/wp-json\/wp\/v2\/pages\/23154\/revisions\/23732"}],"wp:attachment":[{"href":"https:\/\/www.armasan.com\/en\/wp-json\/wp\/v2\/media?parent=23154"}],"curies":[{"name":"wp","href":"https:\/\/api.w.org\/{rel}","templated":true}]}}